{"id":995,"date":"2015-07-25T09:52:08","date_gmt":"2015-07-25T09:52:08","guid":{"rendered":"http:\/\/www.tafalu.ch\/?post_type=product&#038;p=995"},"modified":"2022-02-27T16:03:11","modified_gmt":"2022-02-27T16:03:11","slug":"giessform-anhaenger-rechteck","status":"publish","type":"product","link":"https:\/\/www.tafalu.ch\/?product=giessform-anhaenger-rechteck","title":{"rendered":"Giessform Anh\u00e4nger Rechteck"},"content":{"rendered":"<p>Giessform: Anh\u00e4nger Rechteck<\/p>\n<p>&nbsp;<\/p>\n<p>Gr\u00f6sse: 1,9&#215;3,9cm<\/p>\n<p>&nbsp;<\/p>\n<p>Preis pro St\u00fcck<\/p>\n<p>&nbsp;<\/p>\n<p>&nbsp;<\/p>\n","protected":false},"excerpt":{"rendered":"<p>Giessform: Anh\u00e4nger Rechteck &nbsp; Gr\u00f6sse: 1,9&#215;3,9cm &nbsp; Preis pro St\u00fcck &nbsp; &nbsp;<\/p>\n","protected":false},"featured_media":996,"template":"","meta":[],"_links":{"self":[{"href":"https:\/\/www.tafalu.ch\/index.php?rest_route=\/wp\/v2\/product\/995"}],"collection":[{"href":"https:\/\/www.tafalu.ch\/index.php?rest_route=\/wp\/v2\/product"}],"about":[{"href":"https:\/\/www.tafalu.ch\/index.php?rest_route=\/wp\/v2\/types\/product"}],"wp:featuredmedia":[{"embeddable":true,"href":"https:\/\/www.tafalu.ch\/index.php?rest_route=\/wp\/v2\/media\/996"}],"wp:attachment":[{"href":"https:\/\/www.tafalu.ch\/index.php?rest_route=%2Fwp%2Fv2%2Fmedia&parent=995"}],"curies":[{"name":"wp","href":"https:\/\/api.w.org\/{rel}","templated":true}]}}