{"id":8169,"date":"2019-01-27T08:28:39","date_gmt":"2019-01-27T08:28:39","guid":{"rendered":"https:\/\/www.tafalu.ch\/?post_type=product&#038;p=8169"},"modified":"2023-03-24T21:16:45","modified_gmt":"2023-03-24T21:16:45","slug":"pardo-schmuckkeramik-mica-clay","status":"publish","type":"product","link":"https:\/\/www.tafalu.ch\/?product=pardo-schmuckkeramik-mica-clay","title":{"rendered":"Pardo Schmuckkeramik Mica Clay"},"content":{"rendered":"<p>Hochwertige, ofenh\u00e4rtende Modelliermasse zur Schmuck- und Accessoire Herstellung. Pardo Mica Clay ist besonders f\u00fcr drei-dimensionale Effekte geeignet.<\/p>\n<p>Enth\u00e4lt Bienenwachs- und Premiumpigmente.<\/p>\n<p>&nbsp;<\/p>\n<p>&#8211; mit echtem Bienenwachs<\/p>\n<p>&#8211; besondere Reliefeffekte<\/p>\n<p>&#8211; speichel- und schweissbest\u00e4ndig<\/p>\n<p>&#8211; im Ofen geruchsneutral<\/p>\n<p>&nbsp;<\/p>\n<p>Pardo wird bei 120\u00b0C ca 30 Minuten im Backofen geh\u00e4rtet.<\/p>\n<p>&nbsp;<\/p>\n<p>Packung \u00e0 56g<\/p>\n","protected":false},"excerpt":{"rendered":"<p>Hochwertige, ofenh\u00e4rtende Modelliermasse zur Schmuck- und Accessoire Herstellung. Pardo Mica Clay ist besonders f\u00fcr drei-dimensionale Effekte geeignet. Enth\u00e4lt Bienenwachs- und Premiumpigmente. &nbsp; &#8211; mit echtem Bienenwachs &#8211; besondere Reliefeffekte &#8211; speichel- und schweissbest\u00e4ndig &#8211; im Ofen geruchsneutral &nbsp; Pardo wird bei 120\u00b0C ca 30 Minuten im Backofen geh\u00e4rtet. &nbsp; Packung \u00e0 56g<\/p>\n","protected":false},"featured_media":8184,"template":"","meta":[],"_links":{"self":[{"href":"https:\/\/www.tafalu.ch\/index.php?rest_route=\/wp\/v2\/product\/8169"}],"collection":[{"href":"https:\/\/www.tafalu.ch\/index.php?rest_route=\/wp\/v2\/product"}],"about":[{"href":"https:\/\/www.tafalu.ch\/index.php?rest_route=\/wp\/v2\/types\/product"}],"wp:featuredmedia":[{"embeddable":true,"href":"https:\/\/www.tafalu.ch\/index.php?rest_route=\/wp\/v2\/media\/8184"}],"wp:attachment":[{"href":"https:\/\/www.tafalu.ch\/index.php?rest_route=%2Fwp%2Fv2%2Fmedia&parent=8169"}],"curies":[{"name":"wp","href":"https:\/\/api.w.org\/{rel}","templated":true}]}}