{"id":6216,"date":"2017-03-15T10:41:30","date_gmt":"2017-03-15T10:41:30","guid":{"rendered":"http:\/\/www.tafalu.ch\/?post_type=product&#038;p=6216"},"modified":"2020-10-08T10:20:14","modified_gmt":"2020-10-08T10:20:14","slug":"metall-verlaengerungskettchen-69x25mm","status":"publish","type":"product","link":"https:\/\/www.tafalu.ch\/?product=metall-verlaengerungskettchen-69x25mm","title":{"rendered":"Metall Verl\u00e4ngerungskettchen 69&#215;2,5mm"},"content":{"rendered":"<p>Verl\u00e4ngerungskette<\/p>\n<p>&nbsp;<\/p>\n<p>L\u00e4nge: ca 69mm<\/p>\n<p>Farbe: silber<\/p>\n<p>&nbsp;<\/p>\n<p>&nbsp;<\/p>\n<p>Preis pro St\u00fcck<\/p>\n","protected":false},"excerpt":{"rendered":"<p>Verl\u00e4ngerungskette &nbsp; L\u00e4nge: ca 69mm Farbe: silber &nbsp; &nbsp; Preis pro St\u00fcck<\/p>\n","protected":false},"featured_media":6217,"template":"","meta":[],"_links":{"self":[{"href":"https:\/\/www.tafalu.ch\/index.php?rest_route=\/wp\/v2\/product\/6216"}],"collection":[{"href":"https:\/\/www.tafalu.ch\/index.php?rest_route=\/wp\/v2\/product"}],"about":[{"href":"https:\/\/www.tafalu.ch\/index.php?rest_route=\/wp\/v2\/types\/product"}],"wp:featuredmedia":[{"embeddable":true,"href":"https:\/\/www.tafalu.ch\/index.php?rest_route=\/wp\/v2\/media\/6217"}],"wp:attachment":[{"href":"https:\/\/www.tafalu.ch\/index.php?rest_route=%2Fwp%2Fv2%2Fmedia&parent=6216"}],"curies":[{"name":"wp","href":"https:\/\/api.w.org\/{rel}","templated":true}]}}