{"id":6032,"date":"2017-01-16T19:16:00","date_gmt":"2017-01-16T18:16:00","guid":{"rendered":"http:\/\/www.tafalu.ch\/?post_type=product&#038;p=6032"},"modified":"2017-01-16T19:16:34","modified_gmt":"2017-01-16T18:16:34","slug":"briefklemme","status":"publish","type":"product","link":"https:\/\/www.tafalu.ch\/?product=briefklemme","title":{"rendered":"Briefklemme"},"content":{"rendered":"<p>Briefklemmen zum Festschrauben<\/p>\n<p>&nbsp;<\/p>\n<p>Gr\u00f6sse1: 2,2&#215;2,2cm (4 St\u00fcck)<\/p>\n<p>Gr\u00f6sse 2: 5,2&#215;4,5cm (2 St\u00fcck)<\/p>\n","protected":false},"excerpt":{"rendered":"<p>Briefklemmen zum Festschrauben &nbsp; Gr\u00f6sse1: 2,2&#215;2,2cm (4 St\u00fcck) Gr\u00f6sse 2: 5,2&#215;4,5cm (2 St\u00fcck)<\/p>\n","protected":false},"featured_media":6034,"template":"","meta":[],"_links":{"self":[{"href":"https:\/\/www.tafalu.ch\/index.php?rest_route=\/wp\/v2\/product\/6032"}],"collection":[{"href":"https:\/\/www.tafalu.ch\/index.php?rest_route=\/wp\/v2\/product"}],"about":[{"href":"https:\/\/www.tafalu.ch\/index.php?rest_route=\/wp\/v2\/types\/product"}],"wp:featuredmedia":[{"embeddable":true,"href":"https:\/\/www.tafalu.ch\/index.php?rest_route=\/wp\/v2\/media\/6034"}],"wp:attachment":[{"href":"https:\/\/www.tafalu.ch\/index.php?rest_route=%2Fwp%2Fv2%2Fmedia&parent=6032"}],"curies":[{"name":"wp","href":"https:\/\/api.w.org\/{rel}","templated":true}]}}