{"id":5954,"date":"2017-01-16T08:00:16","date_gmt":"2017-01-16T07:00:16","guid":{"rendered":"http:\/\/www.tafalu.ch\/?product=label-handzahm-carpe-diem"},"modified":"2017-10-18T18:19:02","modified_gmt":"2017-10-18T18:19:02","slug":"label-handzahm-carpe-diem","status":"publish","type":"product","link":"https:\/\/www.tafalu.ch\/?product=label-handzahm-carpe-diem","title":{"rendered":"Label &#8222;handzahm&#8220;, &#8222;carpe diem&#8220;"},"content":{"rendered":"<p>Mithilfe des Labels k\u00f6nne die Seifen mit einem Schriftzug oder Bild gepr\u00e4gt werden.<\/p>\n<p>Text: handzahm, carpe diem<\/p>\n<p>Gr\u00f6sse: 25x30mm<\/p>\n<p>Form: rechteckig<\/p>\n","protected":false},"excerpt":{"rendered":"<p>Mithilfe des Labels k\u00f6nne die Seifen mit einem Schriftzug oder Bild gepr\u00e4gt werden. Text: handzahm, carpe diem Gr\u00f6sse: 25x30mm Form: rechteckig<\/p>\n","protected":false},"featured_media":5957,"template":"","meta":[],"_links":{"self":[{"href":"https:\/\/www.tafalu.ch\/index.php?rest_route=\/wp\/v2\/product\/5954"}],"collection":[{"href":"https:\/\/www.tafalu.ch\/index.php?rest_route=\/wp\/v2\/product"}],"about":[{"href":"https:\/\/www.tafalu.ch\/index.php?rest_route=\/wp\/v2\/types\/product"}],"wp:featuredmedia":[{"embeddable":true,"href":"https:\/\/www.tafalu.ch\/index.php?rest_route=\/wp\/v2\/media\/5957"}],"wp:attachment":[{"href":"https:\/\/www.tafalu.ch\/index.php?rest_route=%2Fwp%2Fv2%2Fmedia&parent=5954"}],"curies":[{"name":"wp","href":"https:\/\/api.w.org\/{rel}","templated":true}]}}