{"id":5910,"date":"2017-01-16T08:00:51","date_gmt":"2017-01-16T07:00:51","guid":{"rendered":"http:\/\/www.tafalu.ch\/?post_type=product&#038;p=5910"},"modified":"2022-11-04T07:31:17","modified_gmt":"2022-11-04T07:31:17","slug":"seifen-duftoel","status":"publish","type":"product","link":"https:\/\/www.tafalu.ch\/?product=seifen-duftoel","title":{"rendered":"Seifen-Duft\u00f6l"},"content":{"rendered":"<p>D\u00fcfte:<\/p>\n<ul>\n<li>Kokos<\/li>\n<li>Kaminfeuer<\/li>\n<li>Ozean<\/li>\n<li>Vanille<\/li>\n<li>Gr\u00fcner Tee<\/li>\n<li>Rose<\/li>\n<li>Lavendel<\/li>\n<li>Limette<\/li>\n<li>Orange<\/li>\n<li>S\u00fcsse Beere<\/li>\n<\/ul>\n<p>Inhalt pro Duft: 10ml<\/p>\n","protected":false},"excerpt":{"rendered":"<p>D\u00fcfte: Kokos Kaminfeuer Ozean Vanille Gr\u00fcner Tee Rose Lavendel Limette Orange S\u00fcsse Beere Inhalt pro Duft: 10ml<\/p>\n","protected":false},"featured_media":5913,"template":"","meta":[],"_links":{"self":[{"href":"https:\/\/www.tafalu.ch\/index.php?rest_route=\/wp\/v2\/product\/5910"}],"collection":[{"href":"https:\/\/www.tafalu.ch\/index.php?rest_route=\/wp\/v2\/product"}],"about":[{"href":"https:\/\/www.tafalu.ch\/index.php?rest_route=\/wp\/v2\/types\/product"}],"wp:featuredmedia":[{"embeddable":true,"href":"https:\/\/www.tafalu.ch\/index.php?rest_route=\/wp\/v2\/media\/5913"}],"wp:attachment":[{"href":"https:\/\/www.tafalu.ch\/index.php?rest_route=%2Fwp%2Fv2%2Fmedia&parent=5910"}],"curies":[{"name":"wp","href":"https:\/\/api.w.org\/{rel}","templated":true}]}}