{"id":5817,"date":"2017-01-16T07:00:09","date_gmt":"2017-01-16T07:00:09","guid":{"rendered":"http:\/\/www.tafalu.ch\/?product=badesalz-set-rosenzauber"},"modified":"2019-06-04T17:19:43","modified_gmt":"2019-06-04T17:19:43","slug":"badesalz-set-rosenzauber","status":"publish","type":"product","link":"https:\/\/www.tafalu.ch\/?product=badesalz-set-rosenzauber","title":{"rendered":"Badesalz Set &#8222;Rosenzauber&#8220;"},"content":{"rendered":"<p>Dieses Set enth\u00e4lt folgende Produkte und reicht f\u00fcr 600g Badesalz:<\/p>\n<p>&nbsp;<\/p>\n<ul>\n<li>Badesalz<\/li>\n<li>Farbduft<\/li>\n<li>Rosenbl\u00fcten<\/li>\n<\/ul>\n","protected":false},"excerpt":{"rendered":"<p>Dieses Set enth\u00e4lt folgende Produkte und reicht f\u00fcr 600g Badesalz: &nbsp; Badesalz Farbduft Rosenbl\u00fcten<\/p>\n","protected":false},"featured_media":5819,"template":"","meta":[],"_links":{"self":[{"href":"https:\/\/www.tafalu.ch\/index.php?rest_route=\/wp\/v2\/product\/5817"}],"collection":[{"href":"https:\/\/www.tafalu.ch\/index.php?rest_route=\/wp\/v2\/product"}],"about":[{"href":"https:\/\/www.tafalu.ch\/index.php?rest_route=\/wp\/v2\/types\/product"}],"wp:featuredmedia":[{"embeddable":true,"href":"https:\/\/www.tafalu.ch\/index.php?rest_route=\/wp\/v2\/media\/5819"}],"wp:attachment":[{"href":"https:\/\/www.tafalu.ch\/index.php?rest_route=%2Fwp%2Fv2%2Fmedia&parent=5817"}],"curies":[{"name":"wp","href":"https:\/\/api.w.org\/{rel}","templated":true}]}}