{"id":5813,"date":"2017-01-16T07:00:46","date_gmt":"2017-01-16T07:00:46","guid":{"rendered":"http:\/\/www.tafalu.ch\/?post_type=product&#038;p=5813"},"modified":"2019-06-04T17:19:43","modified_gmt":"2019-06-04T17:19:43","slug":"badekugeln-set-lavendel","status":"publish","type":"product","link":"https:\/\/www.tafalu.ch\/?product=badekugeln-set-lavendel","title":{"rendered":"Badekugeln Set Lavendel"},"content":{"rendered":"<p>Das Set enth\u00e4lt alles f\u00fcr ca f\u00fcnf Badekugeln<\/p>\n<p>&nbsp;<\/p>\n<ul>\n<li>Seife<\/li>\n<li>Farbduft<\/li>\n<li>Lavendelbl\u00fcten<\/li>\n<\/ul>\n","protected":false},"excerpt":{"rendered":"<p>Das Set enth\u00e4lt alles f\u00fcr ca f\u00fcnf Badekugeln &nbsp; Seife Farbduft Lavendelbl\u00fcten<\/p>\n","protected":false},"featured_media":5815,"template":"","meta":[],"_links":{"self":[{"href":"https:\/\/www.tafalu.ch\/index.php?rest_route=\/wp\/v2\/product\/5813"}],"collection":[{"href":"https:\/\/www.tafalu.ch\/index.php?rest_route=\/wp\/v2\/product"}],"about":[{"href":"https:\/\/www.tafalu.ch\/index.php?rest_route=\/wp\/v2\/types\/product"}],"wp:featuredmedia":[{"embeddable":true,"href":"https:\/\/www.tafalu.ch\/index.php?rest_route=\/wp\/v2\/media\/5815"}],"wp:attachment":[{"href":"https:\/\/www.tafalu.ch\/index.php?rest_route=%2Fwp%2Fv2%2Fmedia&parent=5813"}],"curies":[{"name":"wp","href":"https:\/\/api.w.org\/{rel}","templated":true}]}}