{"id":5728,"date":"2017-01-16T08:00:03","date_gmt":"2017-01-16T07:00:03","guid":{"rendered":"http:\/\/www.tafalu.ch\/?post_type=product&#038;p=5728"},"modified":"2021-12-08T19:51:38","modified_gmt":"2021-12-08T19:51:38","slug":"label-wasser-marsch","status":"publish","type":"product","link":"https:\/\/www.tafalu.ch\/?product=label-wasser-marsch","title":{"rendered":"Label &#8222;Wasser Marsch!&#8220;"},"content":{"rendered":"<p>Mithilfe des Labels k\u00f6nne die Seifen mit einem Schriftzug oder Bild gepr\u00e4gt werden.<\/p>\n<p>&nbsp;<\/p>\n<p>Text: Wasser Marsch!<\/p>\n<p>Gr\u00f6sse: 55x40mm<\/p>\n<p>Form: oval<\/p>\n<table width=\"531\">\n<tbody>\n<tr>\n<td width=\"531\"><\/td>\n<\/tr>\n<\/tbody>\n<\/table>\n","protected":false},"excerpt":{"rendered":"<p>Mithilfe des Labels k\u00f6nne die Seifen mit einem Schriftzug oder Bild gepr\u00e4gt werden. &nbsp; Text: Wasser Marsch! Gr\u00f6sse: 55x40mm Form: oval<\/p>\n","protected":false},"featured_media":5730,"template":"","meta":[],"_links":{"self":[{"href":"https:\/\/www.tafalu.ch\/index.php?rest_route=\/wp\/v2\/product\/5728"}],"collection":[{"href":"https:\/\/www.tafalu.ch\/index.php?rest_route=\/wp\/v2\/product"}],"about":[{"href":"https:\/\/www.tafalu.ch\/index.php?rest_route=\/wp\/v2\/types\/product"}],"wp:featuredmedia":[{"embeddable":true,"href":"https:\/\/www.tafalu.ch\/index.php?rest_route=\/wp\/v2\/media\/5730"}],"wp:attachment":[{"href":"https:\/\/www.tafalu.ch\/index.php?rest_route=%2Fwp%2Fv2%2Fmedia&parent=5728"}],"curies":[{"name":"wp","href":"https:\/\/api.w.org\/{rel}","templated":true}]}}