{"id":5501,"date":"2016-11-17T09:21:12","date_gmt":"2016-11-17T08:21:12","guid":{"rendered":"http:\/\/www.tafalu.ch\/?post_type=product&#038;p=5501"},"modified":"2016-11-17T09:21:43","modified_gmt":"2016-11-17T08:21:43","slug":"naehmaschinen-nadeln-universal","status":"publish","type":"product","link":"https:\/\/www.tafalu.ch\/?product=naehmaschinen-nadeln-universal","title":{"rendered":"N\u00e4hmaschinen Nadeln Universal"},"content":{"rendered":"<p><strong><em>SCHMETZ &#8211; 10 Universal-Nadeln St\u00e4rken 70-90 \/ Flachkolben<\/em><\/strong><\/p>\n<p>Mit leicht verrundeter Spitze, f\u00fcr das problemlose Verarbeiten zahlreicher Materialarten.<\/p>\n<p><strong>Kombination aus 70-90 Nadeln, d.h.\u00a04 x 70 St\u00e4rken, 4 x 80 St\u00e4rken und 2 x 90 St\u00e4rken<\/strong><\/p>\n<p>Speziell f\u00fcr Stoffarten sowie: Bettw\u00e4sche, Brokat, Chenille, Chiffon, Cord\/Kord, Filz, Frottee\/Frotier. Crepe\/Georgetta, Hemden, Leine,\u00a0 Loden, Mantelsoff u.v.m.<\/p>\n<p><em><strong>Flachkolben<\/strong><\/em> <strong>f\u00fcr Haushaltsn\u00e4hmaschinen.<\/strong><br \/>\n<strong>Nadelart<\/strong>:\u00a0\u00a0\u00a0\u00a0\u00a0\u00a0\u00a0\u00a0\u00a0\u00a0\u00a0 Universal 130\/705 H<br \/>\n<strong>Nadelst\u00e4rke<\/strong>:\u00a0\u00a0\u00a0\u00a0\u00a0 70-90<br \/>\n<strong>Packungsinhalt<\/strong>: 10 Stck.<\/p>\n","protected":false},"excerpt":{"rendered":"<p>SCHMETZ &#8211; 10 Universal-Nadeln St\u00e4rken 70-90 \/ Flachkolben Mit leicht verrundeter Spitze, f\u00fcr das problemlose Verarbeiten zahlreicher Materialarten. Kombination aus 70-90 Nadeln, d.h.\u00a04 x 70 St\u00e4rken, 4 x 80 St\u00e4rken und 2 x 90 St\u00e4rken Speziell f\u00fcr Stoffarten sowie: Bettw\u00e4sche, Brokat, Chenille, Chiffon, Cord\/Kord, Filz, Frottee\/Frotier. Crepe\/Georgetta, Hemden, Leine,\u00a0 Loden, Mantelsoff u.v.m. Flachkolben f\u00fcr Haushaltsn\u00e4hmaschinen. <a class=\"more-link\" href=\"https:\/\/www.tafalu.ch\/?product=naehmaschinen-nadeln-universal\">Weiterlesen <i class=\"fa fa-chevron-right\"><\/i><\/a><\/p>\n","protected":false},"featured_media":5502,"template":"","meta":[],"_links":{"self":[{"href":"https:\/\/www.tafalu.ch\/index.php?rest_route=\/wp\/v2\/product\/5501"}],"collection":[{"href":"https:\/\/www.tafalu.ch\/index.php?rest_route=\/wp\/v2\/product"}],"about":[{"href":"https:\/\/www.tafalu.ch\/index.php?rest_route=\/wp\/v2\/types\/product"}],"wp:featuredmedia":[{"embeddable":true,"href":"https:\/\/www.tafalu.ch\/index.php?rest_route=\/wp\/v2\/media\/5502"}],"wp:attachment":[{"href":"https:\/\/www.tafalu.ch\/index.php?rest_route=%2Fwp%2Fv2%2Fmedia&parent=5501"}],"curies":[{"name":"wp","href":"https:\/\/api.w.org\/{rel}","templated":true}]}}