{"id":5488,"date":"2016-11-17T08:03:21","date_gmt":"2016-11-17T07:03:21","guid":{"rendered":"http:\/\/www.tafalu.ch\/?post_type=product&#038;p=5488"},"modified":"2018-04-04T19:48:46","modified_gmt":"2018-04-04T19:48:46","slug":"prym-wendenadel","status":"publish","type":"product","link":"https:\/\/www.tafalu.ch\/?product=prym-wendenadel","title":{"rendered":"Prym Wendenadel"},"content":{"rendered":"<p>Kennen Sie das Problem, wenn es einen d\u00fcnnen Stoffstreifen zu wenden gibt?<\/p>\n<p>&nbsp;<\/p>\n<p>Die Wendenadel von Prym ist dabei eine grosse Hilfe.<\/p>\n<p>Mit der kleinen \u00d6ffnung kann der Stoff gefasst werden und m\u00fchelos gewendet werden.<\/p>\n<p>&nbsp;<\/p>\n<p>Einfach ausprobieren, es ist ganz einfach!<\/p>\n","protected":false},"excerpt":{"rendered":"<p>Kennen Sie das Problem, wenn es einen d\u00fcnnen Stoffstreifen zu wenden gibt? &nbsp; Die Wendenadel von Prym ist dabei eine grosse Hilfe. Mit der kleinen \u00d6ffnung kann der Stoff gefasst werden und m\u00fchelos gewendet werden. &nbsp; Einfach ausprobieren, es ist ganz einfach!<\/p>\n","protected":false},"featured_media":5489,"template":"","meta":[],"_links":{"self":[{"href":"https:\/\/www.tafalu.ch\/index.php?rest_route=\/wp\/v2\/product\/5488"}],"collection":[{"href":"https:\/\/www.tafalu.ch\/index.php?rest_route=\/wp\/v2\/product"}],"about":[{"href":"https:\/\/www.tafalu.ch\/index.php?rest_route=\/wp\/v2\/types\/product"}],"wp:featuredmedia":[{"embeddable":true,"href":"https:\/\/www.tafalu.ch\/index.php?rest_route=\/wp\/v2\/media\/5489"}],"wp:attachment":[{"href":"https:\/\/www.tafalu.ch\/index.php?rest_route=%2Fwp%2Fv2%2Fmedia&parent=5488"}],"curies":[{"name":"wp","href":"https:\/\/api.w.org\/{rel}","templated":true}]}}