{"id":488,"date":"2015-06-17T22:20:08","date_gmt":"2015-06-17T22:20:08","guid":{"rendered":"http:\/\/tafalu.ch\/?product=besatzgummi-3"},"modified":"2018-05-10T09:41:22","modified_gmt":"2018-05-10T09:41:22","slug":"besatzgummi-3","status":"publish","type":"product","link":"https:\/\/www.tafalu.ch\/?product=besatzgummi-3","title":{"rendered":"Besatzgummi"},"content":{"rendered":"<p>Der Faltgummi ist elastisch. Geeignet zur Verst\u00e4rkung von S\u00e4umen und N\u00e4hten.<\/p>\n<p>Material: 52% Polyamid, 48% Elastan<br \/>\nBreite: 11mm<br \/>\nFarbe: diverse<\/p>\n<p>Preis pro 10cm<\/p>\n","protected":false},"excerpt":{"rendered":"<p>Der Faltgummi ist elastisch. Geeignet zur Verst\u00e4rkung von S\u00e4umen und N\u00e4hten. Material: 52% Polyamid, 48% Elastan Breite: 11mm Farbe: diverse Preis pro 10cm<\/p>\n","protected":false},"featured_media":485,"template":"","meta":[],"_links":{"self":[{"href":"https:\/\/www.tafalu.ch\/index.php?rest_route=\/wp\/v2\/product\/488"}],"collection":[{"href":"https:\/\/www.tafalu.ch\/index.php?rest_route=\/wp\/v2\/product"}],"about":[{"href":"https:\/\/www.tafalu.ch\/index.php?rest_route=\/wp\/v2\/types\/product"}],"wp:featuredmedia":[{"embeddable":true,"href":"https:\/\/www.tafalu.ch\/index.php?rest_route=\/wp\/v2\/media\/485"}],"wp:attachment":[{"href":"https:\/\/www.tafalu.ch\/index.php?rest_route=%2Fwp%2Fv2%2Fmedia&parent=488"}],"curies":[{"name":"wp","href":"https:\/\/api.w.org\/{rel}","templated":true}]}}