{"id":4607,"date":"2016-07-21T12:51:22","date_gmt":"2016-07-21T11:51:22","guid":{"rendered":"http:\/\/www.tafalu.ch\/?post_type=product&#038;p=4607"},"modified":"2017-10-18T16:11:10","modified_gmt":"2017-10-18T16:11:10","slug":"massband-mit-stoffbezug","status":"publish","type":"product","link":"https:\/\/www.tafalu.ch\/?product=massband-mit-stoffbezug","title":{"rendered":"Massband mit Stoffbezug"},"content":{"rendered":"<p>Ideal als Begleiter f\u00fcr N\u00e4harbeiten oder als kleines Geschenk<\/p>\n<p>&nbsp;<\/p>\n<p>L\u00e4nge des Massbandes: 150cm<\/p>\n<p>&nbsp;<\/p>\n<p>Varianten: Stern, Accessoires, Patchwork<\/p>\n<p>&nbsp;<\/p>\n<p>Preis pro St\u00fcck<\/p>\n","protected":false},"excerpt":{"rendered":"<p>Ideal als Begleiter f\u00fcr N\u00e4harbeiten oder als kleines Geschenk &nbsp; L\u00e4nge des Massbandes: 150cm &nbsp; Varianten: Stern, Accessoires, Patchwork &nbsp; Preis pro St\u00fcck<\/p>\n","protected":false},"featured_media":4608,"template":"","meta":[],"_links":{"self":[{"href":"https:\/\/www.tafalu.ch\/index.php?rest_route=\/wp\/v2\/product\/4607"}],"collection":[{"href":"https:\/\/www.tafalu.ch\/index.php?rest_route=\/wp\/v2\/product"}],"about":[{"href":"https:\/\/www.tafalu.ch\/index.php?rest_route=\/wp\/v2\/types\/product"}],"wp:featuredmedia":[{"embeddable":true,"href":"https:\/\/www.tafalu.ch\/index.php?rest_route=\/wp\/v2\/media\/4608"}],"wp:attachment":[{"href":"https:\/\/www.tafalu.ch\/index.php?rest_route=%2Fwp%2Fv2%2Fmedia&parent=4607"}],"curies":[{"name":"wp","href":"https:\/\/api.w.org\/{rel}","templated":true}]}}