{"id":4541,"date":"2016-07-21T09:46:14","date_gmt":"2016-07-21T09:46:14","guid":{"rendered":"http:\/\/www.tafalu.ch\/?post_type=product&#038;p=4541"},"modified":"2022-09-04T09:48:12","modified_gmt":"2022-09-04T09:48:12","slug":"giessform-anhaenger-oval-lang","status":"publish","type":"product","link":"https:\/\/www.tafalu.ch\/?product=giessform-anhaenger-oval-lang","title":{"rendered":"Giessform Anh\u00e4nger oval lang"},"content":{"rendered":"<p>Giessform: Anh\u00e4nger Oval lang<\/p>\n<p>Gr\u00f6sse: 1,7&#215;3,9cm<\/p>\n<p>Preis pro St\u00fcck<\/p>\n","protected":false},"excerpt":{"rendered":"<p>Giessform: Anh\u00e4nger Oval lang Gr\u00f6sse: 1,7&#215;3,9cm Preis pro St\u00fcck<\/p>\n","protected":false},"featured_media":4533,"template":"","meta":[],"_links":{"self":[{"href":"https:\/\/www.tafalu.ch\/index.php?rest_route=\/wp\/v2\/product\/4541"}],"collection":[{"href":"https:\/\/www.tafalu.ch\/index.php?rest_route=\/wp\/v2\/product"}],"about":[{"href":"https:\/\/www.tafalu.ch\/index.php?rest_route=\/wp\/v2\/types\/product"}],"wp:featuredmedia":[{"embeddable":true,"href":"https:\/\/www.tafalu.ch\/index.php?rest_route=\/wp\/v2\/media\/4533"}],"wp:attachment":[{"href":"https:\/\/www.tafalu.ch\/index.php?rest_route=%2Fwp%2Fv2%2Fmedia&parent=4541"}],"curies":[{"name":"wp","href":"https:\/\/api.w.org\/{rel}","templated":true}]}}