{"id":4521,"date":"2016-07-21T09:40:58","date_gmt":"2016-07-21T09:40:58","guid":{"rendered":"http:\/\/www.tafalu.ch\/?post_type=product&#038;p=4521"},"modified":"2022-02-27T16:33:17","modified_gmt":"2022-02-27T16:33:17","slug":"giessform-anhaenger-tag","status":"publish","type":"product","link":"https:\/\/www.tafalu.ch\/?product=giessform-anhaenger-tag","title":{"rendered":"Giessform Anh\u00e4nger Tag"},"content":{"rendered":"<p>Giessform: Anh\u00e4nger Tag<\/p>\n<p>Gr\u00f6sse: 2,3&#215;3,9cm<\/p>\n<p>Preis pro St\u00fcck<\/p>\n","protected":false},"excerpt":{"rendered":"<p>Giessform: Anh\u00e4nger Tag Gr\u00f6sse: 2,3&#215;3,9cm Preis pro St\u00fcck<\/p>\n","protected":false},"featured_media":4523,"template":"","meta":[],"_links":{"self":[{"href":"https:\/\/www.tafalu.ch\/index.php?rest_route=\/wp\/v2\/product\/4521"}],"collection":[{"href":"https:\/\/www.tafalu.ch\/index.php?rest_route=\/wp\/v2\/product"}],"about":[{"href":"https:\/\/www.tafalu.ch\/index.php?rest_route=\/wp\/v2\/types\/product"}],"wp:featuredmedia":[{"embeddable":true,"href":"https:\/\/www.tafalu.ch\/index.php?rest_route=\/wp\/v2\/media\/4523"}],"wp:attachment":[{"href":"https:\/\/www.tafalu.ch\/index.php?rest_route=%2Fwp%2Fv2%2Fmedia&parent=4521"}],"curies":[{"name":"wp","href":"https:\/\/api.w.org\/{rel}","templated":true}]}}