{"id":4515,"date":"2016-07-21T10:04:28","date_gmt":"2016-07-21T09:04:28","guid":{"rendered":"http:\/\/www.tafalu.ch\/?post_type=product&#038;p=4515"},"modified":"2016-07-21T10:04:28","modified_gmt":"2016-07-21T09:04:28","slug":"gummiband-stern","status":"publish","type":"product","link":"https:\/\/www.tafalu.ch\/?product=gummiband-stern","title":{"rendered":"Gummiband Stern"},"content":{"rendered":"<p>Flaches Gummiband mit zierlichen Motiven ist elastisch, nach Ausdehnen bekommt es wieder seine Form..<\/p>\n<p>Anwendung: Geeignet f\u00fcr Herstellung der Hosentr\u00e4ger oder G\u00fcrtel.<\/p>\n<p>Breite: 25mm<\/p>\n<p>Preis pro 10cm<\/p>\n","protected":false},"excerpt":{"rendered":"<p>Flaches Gummiband mit zierlichen Motiven ist elastisch, nach Ausdehnen bekommt es wieder seine Form.. Anwendung: Geeignet f\u00fcr Herstellung der Hosentr\u00e4ger oder G\u00fcrtel. Breite: 25mm Preis pro 10cm<\/p>\n","protected":false},"featured_media":4516,"template":"","meta":[],"_links":{"self":[{"href":"https:\/\/www.tafalu.ch\/index.php?rest_route=\/wp\/v2\/product\/4515"}],"collection":[{"href":"https:\/\/www.tafalu.ch\/index.php?rest_route=\/wp\/v2\/product"}],"about":[{"href":"https:\/\/www.tafalu.ch\/index.php?rest_route=\/wp\/v2\/types\/product"}],"wp:featuredmedia":[{"embeddable":true,"href":"https:\/\/www.tafalu.ch\/index.php?rest_route=\/wp\/v2\/media\/4516"}],"wp:attachment":[{"href":"https:\/\/www.tafalu.ch\/index.php?rest_route=%2Fwp%2Fv2%2Fmedia&parent=4515"}],"curies":[{"name":"wp","href":"https:\/\/api.w.org\/{rel}","templated":true}]}}