{"id":4383,"date":"2016-06-10T18:56:07","date_gmt":"2016-06-10T17:56:07","guid":{"rendered":"http:\/\/www.tafalu.ch\/?post_type=product&#038;p=4383"},"modified":"2016-06-10T18:56:07","modified_gmt":"2016-06-10T17:56:07","slug":"fluegel-36mm","status":"publish","type":"product","link":"https:\/\/www.tafalu.ch\/?product=fluegel-36mm","title":{"rendered":"Fl\u00fcgel 36mm"},"content":{"rendered":"<p>Fl\u00fcgel als Zwischelement oder f\u00fcr Engel geeignet.<\/p>\n<p>&nbsp;<\/p>\n<p>Gr\u00f6sse: 36x8mm<\/p>\n<p>Farbe: altsilber<\/p>\n<p>&nbsp;<\/p>\n<p>Preis pro St\u00fcck<\/p>\n","protected":false},"excerpt":{"rendered":"<p>Fl\u00fcgel als Zwischelement oder f\u00fcr Engel geeignet. &nbsp; Gr\u00f6sse: 36x8mm Farbe: altsilber &nbsp; Preis pro St\u00fcck<\/p>\n","protected":false},"featured_media":4384,"template":"","meta":[],"_links":{"self":[{"href":"https:\/\/www.tafalu.ch\/index.php?rest_route=\/wp\/v2\/product\/4383"}],"collection":[{"href":"https:\/\/www.tafalu.ch\/index.php?rest_route=\/wp\/v2\/product"}],"about":[{"href":"https:\/\/www.tafalu.ch\/index.php?rest_route=\/wp\/v2\/types\/product"}],"wp:featuredmedia":[{"embeddable":true,"href":"https:\/\/www.tafalu.ch\/index.php?rest_route=\/wp\/v2\/media\/4384"}],"wp:attachment":[{"href":"https:\/\/www.tafalu.ch\/index.php?rest_route=%2Fwp%2Fv2%2Fmedia&parent=4383"}],"curies":[{"name":"wp","href":"https:\/\/api.w.org\/{rel}","templated":true}]}}