{"id":4370,"date":"2016-06-10T18:38:35","date_gmt":"2016-06-10T17:38:35","guid":{"rendered":"http:\/\/www.tafalu.ch\/?post_type=product&#038;p=4370"},"modified":"2017-10-18T16:01:39","modified_gmt":"2017-10-18T16:01:39","slug":"ohrstecker-fuer-perlen","status":"publish","type":"product","link":"https:\/\/www.tafalu.ch\/?product=ohrstecker-fuer-perlen","title":{"rendered":"Ohrstecker f\u00fcr Perlen"},"content":{"rendered":"<p>Gr\u00f6sse: 13x6mm<\/p>\n<div class=\"shopItemExtraInfo\">\n<p>Material: Edelstahl 316<\/p>\n<p>Ideal f\u00fcr Perlen 13x6mm<\/p>\n<\/div>\n<p>Preis pro St\u00fcck<\/p>\n","protected":false},"excerpt":{"rendered":"<p>Gr\u00f6sse: 13x6mm Material: Edelstahl 316 Ideal f\u00fcr Perlen 13x6mm Preis pro St\u00fcck<\/p>\n","protected":false},"featured_media":4371,"template":"","meta":[],"_links":{"self":[{"href":"https:\/\/www.tafalu.ch\/index.php?rest_route=\/wp\/v2\/product\/4370"}],"collection":[{"href":"https:\/\/www.tafalu.ch\/index.php?rest_route=\/wp\/v2\/product"}],"about":[{"href":"https:\/\/www.tafalu.ch\/index.php?rest_route=\/wp\/v2\/types\/product"}],"wp:featuredmedia":[{"embeddable":true,"href":"https:\/\/www.tafalu.ch\/index.php?rest_route=\/wp\/v2\/media\/4371"}],"wp:attachment":[{"href":"https:\/\/www.tafalu.ch\/index.php?rest_route=%2Fwp%2Fv2%2Fmedia&parent=4370"}],"curies":[{"name":"wp","href":"https:\/\/api.w.org\/{rel}","templated":true}]}}