{"id":4328,"date":"2016-06-10T16:52:19","date_gmt":"2016-06-10T15:52:19","guid":{"rendered":"http:\/\/www.tafalu.ch\/?post_type=product&#038;p=4328"},"modified":"2017-10-18T15:56:23","modified_gmt":"2017-10-18T15:56:23","slug":"metall-perlen-und-anhaenger-mix","status":"publish","type":"product","link":"https:\/\/www.tafalu.ch\/?product=metall-perlen-und-anhaenger-mix","title":{"rendered":"Metall Perlen und Anh\u00e4nger Fl\u00fcgel Mix klein"},"content":{"rendered":"<p>Ein Mix aus diverses Perlen und Anh\u00e4ngern rund ums Thema Fl\u00fcgel.<\/p>\n<p>Einige Fl\u00fcgel haben Fassungen f\u00fcr <a href=\"http:\/\/www.tafalu.ch\/?product=schmucksteine\">Schmucksteine<\/a> 1mm gross.<\/p>\n<p>&nbsp;<\/p>\n<p>Gr\u00f6sse: 20-35mm<\/p>\n<p>Farbe: altsilber (platin)<\/p>\n<p>Inhalt: 20 St\u00fcck<\/p>\n","protected":false},"excerpt":{"rendered":"<p>Ein Mix aus diverses Perlen und Anh\u00e4ngern rund ums Thema Fl\u00fcgel. Einige Fl\u00fcgel haben Fassungen f\u00fcr Schmucksteine 1mm gross. &nbsp; Gr\u00f6sse: 20-35mm Farbe: altsilber (platin) Inhalt: 20 St\u00fcck<\/p>\n","protected":false},"featured_media":4329,"template":"","meta":[],"_links":{"self":[{"href":"https:\/\/www.tafalu.ch\/index.php?rest_route=\/wp\/v2\/product\/4328"}],"collection":[{"href":"https:\/\/www.tafalu.ch\/index.php?rest_route=\/wp\/v2\/product"}],"about":[{"href":"https:\/\/www.tafalu.ch\/index.php?rest_route=\/wp\/v2\/types\/product"}],"wp:featuredmedia":[{"embeddable":true,"href":"https:\/\/www.tafalu.ch\/index.php?rest_route=\/wp\/v2\/media\/4329"}],"wp:attachment":[{"href":"https:\/\/www.tafalu.ch\/index.php?rest_route=%2Fwp%2Fv2%2Fmedia&parent=4328"}],"curies":[{"name":"wp","href":"https:\/\/api.w.org\/{rel}","templated":true}]}}