{"id":4321,"date":"2016-06-10T16:38:44","date_gmt":"2016-06-10T15:38:44","guid":{"rendered":"http:\/\/www.tafalu.ch\/?post_type=product&#038;p=4321"},"modified":"2017-10-18T15:51:33","modified_gmt":"2017-10-18T15:51:33","slug":"metall-anhaenger-engel","status":"publish","type":"product","link":"https:\/\/www.tafalu.ch\/?product=metall-anhaenger-engel","title":{"rendered":"Metall Anh\u00e4nger Engel"},"content":{"rendered":"<p>Ein Anh\u00e4nger in Form eines Engels mit einer Fassung f\u00fcr 2,5mm grosse <a href=\"http:\/\/www.tafalu.ch\/?product=schmucksteine\">Schmucksteine<\/a><\/p>\n<p>&nbsp;<\/p>\n<p>Gr\u00f6sse: 21x19mm<\/p>\n<p>Farbe: altsilber<\/p>\n<p>&nbsp;<\/p>\n<p>Preis pro St\u00fcck<\/p>\n","protected":false},"excerpt":{"rendered":"<p>Ein Anh\u00e4nger in Form eines Engels mit einer Fassung f\u00fcr 2,5mm grosse Schmucksteine &nbsp; Gr\u00f6sse: 21x19mm Farbe: altsilber &nbsp; Preis pro St\u00fcck<\/p>\n","protected":false},"featured_media":4322,"template":"","meta":[],"_links":{"self":[{"href":"https:\/\/www.tafalu.ch\/index.php?rest_route=\/wp\/v2\/product\/4321"}],"collection":[{"href":"https:\/\/www.tafalu.ch\/index.php?rest_route=\/wp\/v2\/product"}],"about":[{"href":"https:\/\/www.tafalu.ch\/index.php?rest_route=\/wp\/v2\/types\/product"}],"wp:featuredmedia":[{"embeddable":true,"href":"https:\/\/www.tafalu.ch\/index.php?rest_route=\/wp\/v2\/media\/4322"}],"wp:attachment":[{"href":"https:\/\/www.tafalu.ch\/index.php?rest_route=%2Fwp%2Fv2%2Fmedia&parent=4321"}],"curies":[{"name":"wp","href":"https:\/\/api.w.org\/{rel}","templated":true}]}}