{"id":4314,"date":"2016-06-10T16:24:21","date_gmt":"2016-06-10T15:24:21","guid":{"rendered":"http:\/\/www.tafalu.ch\/?post_type=product&#038;p=4314"},"modified":"2016-06-10T16:30:23","modified_gmt":"2016-06-10T15:30:23","slug":"metall-fluegel","status":"publish","type":"product","link":"https:\/\/www.tafalu.ch\/?product=metall-fluegel","title":{"rendered":"Metall Fl\u00fcgel"},"content":{"rendered":"<p>Metallfl\u00fcgel<\/p>\n<p>&nbsp;<\/p>\n<p>Gr\u00f6sse: 24x8mm<\/p>\n<p>Farbe: altsilber (platin)<\/p>\n<p>&nbsp;<\/p>\n<p>Preis pro St\u00fcck<\/p>\n","protected":false},"excerpt":{"rendered":"<p>Metallfl\u00fcgel &nbsp; Gr\u00f6sse: 24x8mm Farbe: altsilber (platin) &nbsp; Preis pro St\u00fcck<\/p>\n","protected":false},"featured_media":4315,"template":"","meta":[],"_links":{"self":[{"href":"https:\/\/www.tafalu.ch\/index.php?rest_route=\/wp\/v2\/product\/4314"}],"collection":[{"href":"https:\/\/www.tafalu.ch\/index.php?rest_route=\/wp\/v2\/product"}],"about":[{"href":"https:\/\/www.tafalu.ch\/index.php?rest_route=\/wp\/v2\/types\/product"}],"wp:featuredmedia":[{"embeddable":true,"href":"https:\/\/www.tafalu.ch\/index.php?rest_route=\/wp\/v2\/media\/4315"}],"wp:attachment":[{"href":"https:\/\/www.tafalu.ch\/index.php?rest_route=%2Fwp%2Fv2%2Fmedia&parent=4314"}],"curies":[{"name":"wp","href":"https:\/\/api.w.org\/{rel}","templated":true}]}}