{"id":4254,"date":"2016-06-06T20:22:56","date_gmt":"2016-06-06T19:22:56","guid":{"rendered":"http:\/\/www.tafalu.ch\/?post_type=product&#038;p=4254"},"modified":"2016-06-06T20:23:42","modified_gmt":"2016-06-06T19:23:42","slug":"prym-druckknoepfe-anorak","status":"publish","type":"product","link":"https:\/\/www.tafalu.ch\/?product=prym-druckknoepfe-anorak","title":{"rendered":"Prym Druckkn\u00f6pfe Anorak"},"content":{"rendered":"<p>Druckkn\u00f6pfe (n\u00e4hfrei) von Prym<\/p>\n<p>&nbsp;<\/p>\n<p>Gr\u00f6sse: 15mm<\/p>\n<p>Farbe: br\u00fcniert<\/p>\n<p>Inhalt: 10 Stk<\/p>\n<p>&nbsp;<\/p>\n<p>&nbsp;<\/p>\n","protected":false},"excerpt":{"rendered":"<p>Druckkn\u00f6pfe (n\u00e4hfrei) von Prym &nbsp; Gr\u00f6sse: 15mm Farbe: br\u00fcniert Inhalt: 10 Stk &nbsp; &nbsp;<\/p>\n","protected":false},"featured_media":4255,"template":"","meta":[],"_links":{"self":[{"href":"https:\/\/www.tafalu.ch\/index.php?rest_route=\/wp\/v2\/product\/4254"}],"collection":[{"href":"https:\/\/www.tafalu.ch\/index.php?rest_route=\/wp\/v2\/product"}],"about":[{"href":"https:\/\/www.tafalu.ch\/index.php?rest_route=\/wp\/v2\/types\/product"}],"wp:featuredmedia":[{"embeddable":true,"href":"https:\/\/www.tafalu.ch\/index.php?rest_route=\/wp\/v2\/media\/4255"}],"wp:attachment":[{"href":"https:\/\/www.tafalu.ch\/index.php?rest_route=%2Fwp%2Fv2%2Fmedia&parent=4254"}],"curies":[{"name":"wp","href":"https:\/\/api.w.org\/{rel}","templated":true}]}}