{"id":4247,"date":"2016-06-06T20:17:49","date_gmt":"2016-06-06T19:17:49","guid":{"rendered":"http:\/\/www.tafalu.ch\/?post_type=product&#038;p=4247"},"modified":"2016-06-06T20:26:48","modified_gmt":"2016-06-06T19:26:48","slug":"prym-oesen","status":"publish","type":"product","link":"https:\/\/www.tafalu.ch\/?product=prym-oesen","title":{"rendered":"Prym \u00d6sen"},"content":{"rendered":"<p>Prym \u00d6sen mit Scheiben<\/p>\n<p>&nbsp;<\/p>\n<p>Farben: silber, br\u00fcniert<\/p>\n<p>Gr\u00f6sse: 4mm, 8mm, 11mm<\/p>\n<p>&nbsp;<\/p>\n<p>Preis pro Karte<\/p>\n<p>4mm: 50 Stk inkl Werkzeug<\/p>\n<p>8mm: 24 Stk inkl Werkzeug<\/p>\n<p>11mm: 15 Stk inkl Werkzeug<\/p>\n<p>&nbsp;<\/p>\n<p>Weitere Zubeh\u00f6r finden befindet sich unter <a href=\"http:\/\/www.tafalu.ch\/?product_cat=prym\">Prym<\/a>.<\/p>\n","protected":false},"excerpt":{"rendered":"<p>Prym \u00d6sen mit Scheiben &nbsp; Farben: silber, br\u00fcniert Gr\u00f6sse: 4mm, 8mm, 11mm &nbsp; Preis pro Karte 4mm: 50 Stk inkl Werkzeug 8mm: 24 Stk inkl Werkzeug 11mm: 15 Stk inkl Werkzeug &nbsp; Weitere Zubeh\u00f6r finden befindet sich unter Prym.<\/p>\n","protected":false},"featured_media":4249,"template":"","meta":[],"_links":{"self":[{"href":"https:\/\/www.tafalu.ch\/index.php?rest_route=\/wp\/v2\/product\/4247"}],"collection":[{"href":"https:\/\/www.tafalu.ch\/index.php?rest_route=\/wp\/v2\/product"}],"about":[{"href":"https:\/\/www.tafalu.ch\/index.php?rest_route=\/wp\/v2\/types\/product"}],"wp:featuredmedia":[{"embeddable":true,"href":"https:\/\/www.tafalu.ch\/index.php?rest_route=\/wp\/v2\/media\/4249"}],"wp:attachment":[{"href":"https:\/\/www.tafalu.ch\/index.php?rest_route=%2Fwp%2Fv2%2Fmedia&parent=4247"}],"curies":[{"name":"wp","href":"https:\/\/api.w.org\/{rel}","templated":true}]}}