{"id":4245,"date":"2016-06-06T20:07:32","date_gmt":"2016-06-06T20:07:32","guid":{"rendered":"http:\/\/www.tafalu.ch\/?post_type=product&#038;p=4245"},"modified":"2022-02-27T16:34:25","modified_gmt":"2022-02-27T16:34:25","slug":"prym-love-vario-zange","status":"publish","type":"product","link":"https:\/\/www.tafalu.ch\/?product=prym-love-vario-zange","title":{"rendered":"Prym Love Vario Zange"},"content":{"rendered":"<p>Prym Love Vario Zange f\u00fcr \u00d6sen, Jeanskn\u00f6pfe, nieten und Druckkn\u00f6pfe mit Lochwerkzeugen 3+4mm nund Color Snaps Werkzeug.<\/p>\n<p>&nbsp;<\/p>\n<p>Weitere Prym Artikel finden Sie <a href=\"http:\/\/www.tafalu.ch\/?product_cat=prym\">hier<\/a>.<\/p>\n","protected":false},"excerpt":{"rendered":"<p>Prym Love Vario Zange f\u00fcr \u00d6sen, Jeanskn\u00f6pfe, nieten und Druckkn\u00f6pfe mit Lochwerkzeugen 3+4mm nund Color Snaps Werkzeug. &nbsp; Weitere Prym Artikel finden Sie hier.<\/p>\n","protected":false},"featured_media":4246,"template":"","meta":[],"_links":{"self":[{"href":"https:\/\/www.tafalu.ch\/index.php?rest_route=\/wp\/v2\/product\/4245"}],"collection":[{"href":"https:\/\/www.tafalu.ch\/index.php?rest_route=\/wp\/v2\/product"}],"about":[{"href":"https:\/\/www.tafalu.ch\/index.php?rest_route=\/wp\/v2\/types\/product"}],"wp:featuredmedia":[{"embeddable":true,"href":"https:\/\/www.tafalu.ch\/index.php?rest_route=\/wp\/v2\/media\/4246"}],"wp:attachment":[{"href":"https:\/\/www.tafalu.ch\/index.php?rest_route=%2Fwp%2Fv2%2Fmedia&parent=4245"}],"curies":[{"name":"wp","href":"https:\/\/api.w.org\/{rel}","templated":true}]}}