{"id":4243,"date":"2016-06-06T20:00:40","date_gmt":"2016-06-06T20:00:40","guid":{"rendered":"http:\/\/www.tafalu.ch\/?post_type=product&#038;p=4243"},"modified":"2022-02-27T16:34:36","modified_gmt":"2022-02-27T16:34:36","slug":"prym-vario-zange","status":"publish","type":"product","link":"https:\/\/www.tafalu.ch\/?product=prym-vario-zange","title":{"rendered":"Prym Vario Zange"},"content":{"rendered":"<p>Prym Vario Zange f\u00fcr \u00d6sen und Druckkn\u00f6pfe mit Lochwerkzeug<\/p>\n<p>&nbsp;<\/p>\n<p>Weitere Zubeh\u00f6r finden befindet sich unter <a href=\"http:\/\/www.tafalu.ch\/?product_cat=prym\">Prym<\/a>.<\/p>\n","protected":false},"excerpt":{"rendered":"<p>Prym Vario Zange f\u00fcr \u00d6sen und Druckkn\u00f6pfe mit Lochwerkzeug &nbsp; Weitere Zubeh\u00f6r finden befindet sich unter Prym.<\/p>\n","protected":false},"featured_media":4244,"template":"","meta":[],"_links":{"self":[{"href":"https:\/\/www.tafalu.ch\/index.php?rest_route=\/wp\/v2\/product\/4243"}],"collection":[{"href":"https:\/\/www.tafalu.ch\/index.php?rest_route=\/wp\/v2\/product"}],"about":[{"href":"https:\/\/www.tafalu.ch\/index.php?rest_route=\/wp\/v2\/types\/product"}],"wp:featuredmedia":[{"embeddable":true,"href":"https:\/\/www.tafalu.ch\/index.php?rest_route=\/wp\/v2\/media\/4244"}],"wp:attachment":[{"href":"https:\/\/www.tafalu.ch\/index.php?rest_route=%2Fwp%2Fv2%2Fmedia&parent=4243"}],"curies":[{"name":"wp","href":"https:\/\/api.w.org\/{rel}","templated":true}]}}