{"id":4139,"date":"2016-06-03T10:05:59","date_gmt":"2016-06-03T10:05:59","guid":{"rendered":"http:\/\/www.tafalu.ch\/?post_type=product&#038;p=4139"},"modified":"2022-02-27T16:35:06","modified_gmt":"2022-02-27T16:35:06","slug":"kunststoffperlen-an-der-schnur","status":"publish","type":"product","link":"https:\/\/www.tafalu.ch\/?product=kunststoffperlen-an-der-schnur","title":{"rendered":"Kunststoffperlen an der Schnur"},"content":{"rendered":"<p>Diese Perlen sind geeignet zur Verzierung von Kleidern, Blumenstr\u00e4ussen, zum Verpacken von Geschenken zum Herstellen von Armb\u00e4ndern oder als Deko f\u00fcr feierliche Anl\u00e4sse.<\/p>\n<p>&nbsp;<\/p>\n<p>Durchmesser Perle: ca 3mm<\/p>\n<p>&nbsp;<\/p>\n<p>Preis pro m<\/p>\n","protected":false},"excerpt":{"rendered":"<p>Diese Perlen sind geeignet zur Verzierung von Kleidern, Blumenstr\u00e4ussen, zum Verpacken von Geschenken zum Herstellen von Armb\u00e4ndern oder als Deko f\u00fcr feierliche Anl\u00e4sse. &nbsp; Durchmesser Perle: ca 3mm &nbsp; Preis pro m<\/p>\n","protected":false},"featured_media":4140,"template":"","meta":[],"_links":{"self":[{"href":"https:\/\/www.tafalu.ch\/index.php?rest_route=\/wp\/v2\/product\/4139"}],"collection":[{"href":"https:\/\/www.tafalu.ch\/index.php?rest_route=\/wp\/v2\/product"}],"about":[{"href":"https:\/\/www.tafalu.ch\/index.php?rest_route=\/wp\/v2\/types\/product"}],"wp:featuredmedia":[{"embeddable":true,"href":"https:\/\/www.tafalu.ch\/index.php?rest_route=\/wp\/v2\/media\/4140"}],"wp:attachment":[{"href":"https:\/\/www.tafalu.ch\/index.php?rest_route=%2Fwp%2Fv2%2Fmedia&parent=4139"}],"curies":[{"name":"wp","href":"https:\/\/api.w.org\/{rel}","templated":true}]}}