{"id":3805,"date":"2016-05-09T15:38:21","date_gmt":"2016-05-09T14:38:21","guid":{"rendered":"http:\/\/www.tafalu.ch\/?post_type=product&#038;p=3805"},"modified":"2017-10-18T13:04:41","modified_gmt":"2017-10-18T13:04:41","slug":"traumfaenger-kette-set","status":"publish","type":"product","link":"https:\/\/www.tafalu.ch\/?product=traumfaenger-kette-set","title":{"rendered":"Traumf\u00e4nger Kette Set"},"content":{"rendered":"<p>Das Set beihaltet alles f\u00fcr das Herstellen der Traumf\u00e4nger Kette &#8222;Luna&#8220;<\/p>\n<p>&nbsp;<\/p>\n<p>Farbe: silber<\/p>\n","protected":false},"excerpt":{"rendered":"<p>Das Set beihaltet alles f\u00fcr das Herstellen der Traumf\u00e4nger Kette &#8222;Luna&#8220; &nbsp; Farbe: silber<\/p>\n","protected":false},"featured_media":3806,"template":"","meta":[],"_links":{"self":[{"href":"https:\/\/www.tafalu.ch\/index.php?rest_route=\/wp\/v2\/product\/3805"}],"collection":[{"href":"https:\/\/www.tafalu.ch\/index.php?rest_route=\/wp\/v2\/product"}],"about":[{"href":"https:\/\/www.tafalu.ch\/index.php?rest_route=\/wp\/v2\/types\/product"}],"wp:featuredmedia":[{"embeddable":true,"href":"https:\/\/www.tafalu.ch\/index.php?rest_route=\/wp\/v2\/media\/3806"}],"wp:attachment":[{"href":"https:\/\/www.tafalu.ch\/index.php?rest_route=%2Fwp%2Fv2%2Fmedia&parent=3805"}],"curies":[{"name":"wp","href":"https:\/\/api.w.org\/{rel}","templated":true}]}}