{"id":3642,"date":"2016-04-13T21:20:51","date_gmt":"2016-04-13T21:20:51","guid":{"rendered":"http:\/\/www.tafalu.ch\/?product=giessform-quadrat"},"modified":"2018-11-16T16:24:28","modified_gmt":"2018-11-16T16:24:28","slug":"giessform-quadrat","status":"publish","type":"product","link":"https:\/\/www.tafalu.ch\/?product=giessform-quadrat","title":{"rendered":"Giessform: Quadrat"},"content":{"rendered":"<p>Die Giessformen eigenen sich hervorragend f\u00fcr das Arbeiten mit Kreativ-Beton.<\/p>\n<p>&nbsp;<\/p>\n<p>Gr\u00f6ssen: 4.5cm, 5.5cm, 6.5cm, 8.5cm, 18.5cm, 25cm<\/p>\n<p>Tiefe: 3.5cm<\/p>\n<p>&nbsp;<\/p>\n<p>Preis pro St\u00fcck<\/p>\n","protected":false},"excerpt":{"rendered":"<p>Die Giessformen eigenen sich hervorragend f\u00fcr das Arbeiten mit Kreativ-Beton. &nbsp; Gr\u00f6ssen: 4.5cm, 5.5cm, 6.5cm, 8.5cm, 18.5cm, 25cm Tiefe: 3.5cm &nbsp; Preis pro St\u00fcck<\/p>\n","protected":false},"featured_media":3648,"template":"","meta":[],"_links":{"self":[{"href":"https:\/\/www.tafalu.ch\/index.php?rest_route=\/wp\/v2\/product\/3642"}],"collection":[{"href":"https:\/\/www.tafalu.ch\/index.php?rest_route=\/wp\/v2\/product"}],"about":[{"href":"https:\/\/www.tafalu.ch\/index.php?rest_route=\/wp\/v2\/types\/product"}],"wp:featuredmedia":[{"embeddable":true,"href":"https:\/\/www.tafalu.ch\/index.php?rest_route=\/wp\/v2\/media\/3648"}],"wp:attachment":[{"href":"https:\/\/www.tafalu.ch\/index.php?rest_route=%2Fwp%2Fv2%2Fmedia&parent=3642"}],"curies":[{"name":"wp","href":"https:\/\/api.w.org\/{rel}","templated":true}]}}