{"id":3630,"date":"2016-04-13T21:06:58","date_gmt":"2016-04-13T21:06:58","guid":{"rendered":"http:\/\/www.tafalu.ch\/?product=giessform-rund"},"modified":"2020-10-27T21:49:18","modified_gmt":"2020-10-27T21:49:18","slug":"giessform-rund","status":"publish","type":"product","link":"https:\/\/www.tafalu.ch\/?product=giessform-rund","title":{"rendered":"Giessform: Rund"},"content":{"rendered":"<p>Die Giessformen eigenen sich hervorragend f\u00fcr das Arbeiten mit Kreativ-Beton.<\/p>\n<p>&nbsp;<\/p>\n<p>Gr\u00f6ssen: 4.5cm, 5.5cm, 6.5cm, 18.5cm, 25cm, 7.5cm<\/p>\n<p>Tiefe: 3.5cm<\/p>\n<p>&nbsp;<\/p>\n<p>Preis pro St\u00fcck<\/p>\n","protected":false},"excerpt":{"rendered":"<p>Die Giessformen eigenen sich hervorragend f\u00fcr das Arbeiten mit Kreativ-Beton. &nbsp; Gr\u00f6ssen: 4.5cm, 5.5cm, 6.5cm, 18.5cm, 25cm, 7.5cm Tiefe: 3.5cm &nbsp; Preis pro St\u00fcck<\/p>\n","protected":false},"featured_media":3635,"template":"","meta":[],"_links":{"self":[{"href":"https:\/\/www.tafalu.ch\/index.php?rest_route=\/wp\/v2\/product\/3630"}],"collection":[{"href":"https:\/\/www.tafalu.ch\/index.php?rest_route=\/wp\/v2\/product"}],"about":[{"href":"https:\/\/www.tafalu.ch\/index.php?rest_route=\/wp\/v2\/types\/product"}],"wp:featuredmedia":[{"embeddable":true,"href":"https:\/\/www.tafalu.ch\/index.php?rest_route=\/wp\/v2\/media\/3635"}],"wp:attachment":[{"href":"https:\/\/www.tafalu.ch\/index.php?rest_route=%2Fwp%2Fv2%2Fmedia&parent=3630"}],"curies":[{"name":"wp","href":"https:\/\/api.w.org\/{rel}","templated":true}]}}