{"id":3568,"date":"2016-04-03T11:31:48","date_gmt":"2016-04-03T10:31:48","guid":{"rendered":"http:\/\/www.tafalu.ch\/?post_type=product&#038;p=3568"},"modified":"2024-01-25T12:02:32","modified_gmt":"2024-01-25T12:02:32","slug":"drahtstecker-herz","status":"publish","type":"product","link":"https:\/\/www.tafalu.ch\/?product=drahtstecker-herz","title":{"rendered":"Drahtstecker Herz"},"content":{"rendered":"<div data-contents=\"true\">\n<div class=\"\" data-offset-key=\"3t57v-0-0\" data-editor=\"4v1fe\" data-block=\"true\">\n<div class=\"_1mf _1mj\" data-offset-key=\"3t57v-0-0\"><span data-offset-key=\"3t57v-0-0\"><span data-text=\"true\">Drahtstecker Herz<br \/>\n<\/span><\/span><\/div>\n<\/div>\n<div class=\"\" data-offset-key=\"5oj6n-0-0\" data-editor=\"4v1fe\" data-block=\"true\"><\/div>\n<div class=\"\" data-offset-key=\"47mcj-0-0\" data-editor=\"4v1fe\" data-block=\"true\">\n<div class=\"_1mf _1mj\" data-offset-key=\"47mcj-0-0\"><span data-offset-key=\"47mcj-0-0\"><span data-text=\"true\">ideal f\u00fcr die Sommerdekoration und Muttertag<br \/>\n<\/span><\/span><\/div>\n<\/div>\n<div class=\"\" data-offset-key=\"cf2i9-0-0\" data-editor=\"4v1fe\" data-block=\"true\"><\/div>\n<div class=\"\" data-offset-key=\"fhco5-0-0\" data-editor=\"4v1fe\" data-block=\"true\">\n<div class=\"_1mf _1mj\" data-offset-key=\"fhco5-0-0\"><span data-offset-key=\"fhco5-0-0\"><span data-text=\"true\">Gr\u00f6sse: 5x20cm<\/span><\/span><\/div>\n<\/div>\n<div class=\"\" data-offset-key=\"6eafc-0-0\" data-editor=\"4v1fe\" data-block=\"true\">\n<div class=\"_1mf _1mj\" data-offset-key=\"6eafc-0-0\"><span data-offset-key=\"6eafc-0-0\"><span data-text=\"true\">Farbe: orange, pink, t\u00fcrkis, gr\u00fcn, rot<br \/>\n<\/span><\/span><\/div>\n<\/div>\n<div class=\"\" data-offset-key=\"bovs8-0-0\" data-editor=\"4v1fe\" data-block=\"true\"><\/div>\n<p>Preis pro St\u00fcck<\/p>\n<div class=\"\" data-offset-key=\"1352i-0-0\" data-editor=\"4v1fe\" data-block=\"true\"><\/div>\n<\/div>\n","protected":false},"excerpt":{"rendered":"<p>Drahtstecker Herz ideal f\u00fcr die Sommerdekoration und Muttertag Gr\u00f6sse: 5x20cm Farbe: orange, pink, t\u00fcrkis, gr\u00fcn, rot Preis pro St\u00fcck<\/p>\n","protected":false},"featured_media":3575,"template":"","meta":[],"_links":{"self":[{"href":"https:\/\/www.tafalu.ch\/index.php?rest_route=\/wp\/v2\/product\/3568"}],"collection":[{"href":"https:\/\/www.tafalu.ch\/index.php?rest_route=\/wp\/v2\/product"}],"about":[{"href":"https:\/\/www.tafalu.ch\/index.php?rest_route=\/wp\/v2\/types\/product"}],"wp:featuredmedia":[{"embeddable":true,"href":"https:\/\/www.tafalu.ch\/index.php?rest_route=\/wp\/v2\/media\/3575"}],"wp:attachment":[{"href":"https:\/\/www.tafalu.ch\/index.php?rest_route=%2Fwp%2Fv2%2Fmedia&parent=3568"}],"curies":[{"name":"wp","href":"https:\/\/api.w.org\/{rel}","templated":true}]}}