{"id":3427,"date":"2016-04-02T22:39:36","date_gmt":"2016-04-02T21:39:36","guid":{"rendered":"http:\/\/www.tafalu.ch\/?post_type=product&#038;p=3427"},"modified":"2017-10-18T12:31:34","modified_gmt":"2017-10-18T12:31:34","slug":"metall-perle-rund-bronze","status":"publish","type":"product","link":"https:\/\/www.tafalu.ch\/?product=metall-perle-rund-bronze","title":{"rendered":"Metall Perle Rund Bronze"},"content":{"rendered":"<p>Gr\u00f6sse: 16mm<\/p>\n<p>Durchzug: 2mm<\/p>\n<p>Farbe: Bronze<\/p>\n<p>&nbsp;<\/p>\n<p>Preis pro St\u00fcck<\/p>\n<p>&nbsp;<\/p>\n<p>geeignet f\u00fcr <a href=\"http:\/\/www.tafalu.ch\/?product=kugelschreiber-fuer-perlen\">Kugelschreiber<\/a><\/p>\n","protected":false},"excerpt":{"rendered":"<p>Gr\u00f6sse: 16mm Durchzug: 2mm Farbe: Bronze &nbsp; Preis pro St\u00fcck &nbsp; geeignet f\u00fcr Kugelschreiber<\/p>\n","protected":false},"featured_media":3428,"template":"","meta":[],"_links":{"self":[{"href":"https:\/\/www.tafalu.ch\/index.php?rest_route=\/wp\/v2\/product\/3427"}],"collection":[{"href":"https:\/\/www.tafalu.ch\/index.php?rest_route=\/wp\/v2\/product"}],"about":[{"href":"https:\/\/www.tafalu.ch\/index.php?rest_route=\/wp\/v2\/types\/product"}],"wp:featuredmedia":[{"embeddable":true,"href":"https:\/\/www.tafalu.ch\/index.php?rest_route=\/wp\/v2\/media\/3428"}],"wp:attachment":[{"href":"https:\/\/www.tafalu.ch\/index.php?rest_route=%2Fwp%2Fv2%2Fmedia&parent=3427"}],"curies":[{"name":"wp","href":"https:\/\/api.w.org\/{rel}","templated":true}]}}