{"id":3414,"date":"2016-04-02T22:30:52","date_gmt":"2016-04-02T21:30:52","guid":{"rendered":"http:\/\/www.tafalu.ch\/?post_type=product&#038;p=3414"},"modified":"2016-04-03T12:24:27","modified_gmt":"2016-04-03T11:24:27","slug":"glasperlen-rund","status":"publish","type":"product","link":"https:\/\/www.tafalu.ch\/?product=glasperlen-rund","title":{"rendered":"Glasperlen rund"},"content":{"rendered":"<p>Gr\u00f6sse: 12mm<\/p>\n<p>Durchzug: 2mm<\/p>\n<p>Farben: rosa, rot, t\u00fcrkis, dunkelrosa, lila<\/p>\n<p>Inhalt: 5 St\u00fcck<\/p>\n<p>&nbsp;<\/p>\n<p>geeignet f\u00fcr <a href=\"http:\/\/www.tafalu.ch\/?product=kugelschreiber-fuer-perlen\">Kugelschreiber<\/a><\/p>\n","protected":false},"excerpt":{"rendered":"<p>Gr\u00f6sse: 12mm Durchzug: 2mm Farben: rosa, rot, t\u00fcrkis, dunkelrosa, lila Inhalt: 5 St\u00fcck &nbsp; geeignet f\u00fcr Kugelschreiber<\/p>\n","protected":false},"featured_media":3422,"template":"","meta":[],"_links":{"self":[{"href":"https:\/\/www.tafalu.ch\/index.php?rest_route=\/wp\/v2\/product\/3414"}],"collection":[{"href":"https:\/\/www.tafalu.ch\/index.php?rest_route=\/wp\/v2\/product"}],"about":[{"href":"https:\/\/www.tafalu.ch\/index.php?rest_route=\/wp\/v2\/types\/product"}],"wp:featuredmedia":[{"embeddable":true,"href":"https:\/\/www.tafalu.ch\/index.php?rest_route=\/wp\/v2\/media\/3422"}],"wp:attachment":[{"href":"https:\/\/www.tafalu.ch\/index.php?rest_route=%2Fwp%2Fv2%2Fmedia&parent=3414"}],"curies":[{"name":"wp","href":"https:\/\/api.w.org\/{rel}","templated":true}]}}