{"id":3406,"date":"2016-04-02T22:11:21","date_gmt":"2016-04-02T21:11:21","guid":{"rendered":"http:\/\/www.tafalu.ch\/?post_type=product&#038;p=3406"},"modified":"2017-10-18T12:30:13","modified_gmt":"2017-10-18T12:30:13","slug":"perle-peace","status":"publish","type":"product","link":"https:\/\/www.tafalu.ch\/?product=perle-peace","title":{"rendered":"Perle Peace"},"content":{"rendered":"<p>Perle in Form eines Peace Zeichens<\/p>\n<p>&nbsp;<\/p>\n<p>Gr\u00f6sse: 20mm<\/p>\n<p>Durchzug 2mm<\/p>\n<p>Material: Kunststoff<\/p>\n<p>Farbe: assortiert<\/p>\n<p>&nbsp;<\/p>\n<p>Inhalt 10 St\u00fcck<\/p>\n<p>&nbsp;<\/p>\n<p>Geeignet f\u00fcr <a href=\"http:\/\/www.tafalu.ch\/?product=kugelschreiber-fuer-perlen\">Kugelschreiber<\/a><\/p>\n","protected":false},"excerpt":{"rendered":"<p>Perle in Form eines Peace Zeichens &nbsp; Gr\u00f6sse: 20mm Durchzug 2mm Material: Kunststoff Farbe: assortiert &nbsp; Inhalt 10 St\u00fcck &nbsp; Geeignet f\u00fcr Kugelschreiber<\/p>\n","protected":false},"featured_media":3407,"template":"","meta":[],"_links":{"self":[{"href":"https:\/\/www.tafalu.ch\/index.php?rest_route=\/wp\/v2\/product\/3406"}],"collection":[{"href":"https:\/\/www.tafalu.ch\/index.php?rest_route=\/wp\/v2\/product"}],"about":[{"href":"https:\/\/www.tafalu.ch\/index.php?rest_route=\/wp\/v2\/types\/product"}],"wp:featuredmedia":[{"embeddable":true,"href":"https:\/\/www.tafalu.ch\/index.php?rest_route=\/wp\/v2\/media\/3407"}],"wp:attachment":[{"href":"https:\/\/www.tafalu.ch\/index.php?rest_route=%2Fwp%2Fv2%2Fmedia&parent=3406"}],"curies":[{"name":"wp","href":"https:\/\/api.w.org\/{rel}","templated":true}]}}