{"id":3402,"date":"2016-04-02T22:02:34","date_gmt":"2016-04-02T21:02:34","guid":{"rendered":"http:\/\/www.tafalu.ch\/?post_type=product&#038;p=3402"},"modified":"2017-10-18T12:28:22","modified_gmt":"2017-10-18T12:28:22","slug":"suesswasserperlen","status":"publish","type":"product","link":"https:\/\/www.tafalu.ch\/?product=suesswasserperlen","title":{"rendered":"S\u00fcsswasserperlen"},"content":{"rendered":"<p>Gr\u00f6sse: 11x9mm<\/p>\n<p>Durchzug: 3mm<\/p>\n<p>Material: S\u00fcsswasserperle<\/p>\n<p>Farbe: Naturell<\/p>\n<p>&nbsp;<\/p>\n<p>Inhalt: 5 St\u00fcck<\/p>\n<p>&nbsp;<\/p>\n<p>Geeignet f\u00fcr <a href=\"http:\/\/www.tafalu.ch\/?product=kugelschreiber-fuer-perlen\">Kugelschreiber<\/a> und <a href=\"http:\/\/www.tafalu.ch\/?product=flaschenverschluss-fuer-perlen\">Flaschenverschluss<\/a><\/p>\n","protected":false},"excerpt":{"rendered":"<p>Gr\u00f6sse: 11x9mm Durchzug: 3mm Material: S\u00fcsswasserperle Farbe: Naturell &nbsp; Inhalt: 5 St\u00fcck &nbsp; Geeignet f\u00fcr Kugelschreiber und Flaschenverschluss<\/p>\n","protected":false},"featured_media":3403,"template":"","meta":[],"_links":{"self":[{"href":"https:\/\/www.tafalu.ch\/index.php?rest_route=\/wp\/v2\/product\/3402"}],"collection":[{"href":"https:\/\/www.tafalu.ch\/index.php?rest_route=\/wp\/v2\/product"}],"about":[{"href":"https:\/\/www.tafalu.ch\/index.php?rest_route=\/wp\/v2\/types\/product"}],"wp:featuredmedia":[{"embeddable":true,"href":"https:\/\/www.tafalu.ch\/index.php?rest_route=\/wp\/v2\/media\/3403"}],"wp:attachment":[{"href":"https:\/\/www.tafalu.ch\/index.php?rest_route=%2Fwp%2Fv2%2Fmedia&parent=3402"}],"curies":[{"name":"wp","href":"https:\/\/api.w.org\/{rel}","templated":true}]}}