{"id":3378,"date":"2016-04-02T21:34:40","date_gmt":"2016-04-02T20:34:40","guid":{"rendered":"http:\/\/www.tafalu.ch\/?post_type=product&#038;p=3378"},"modified":"2017-10-18T12:27:43","modified_gmt":"2017-10-18T12:27:43","slug":"kunststoff-perle","status":"publish","type":"product","link":"https:\/\/www.tafalu.ch\/?product=kunststoff-perle","title":{"rendered":"Kunststoff Perle"},"content":{"rendered":"<p>Kunststoff Perlen bearbeitet mit Glanz<\/p>\n<p>&nbsp;<\/p>\n<p>Gr\u00f6sse: 14mm<\/p>\n<p>Durchzug: 2mm<\/p>\n<p>Farbe: mix<\/p>\n<p>Inhalt: 20 St\u00fcck<\/p>\n<p>&nbsp;<\/p>\n<p>geeignet f\u00fcr <a href=\"http:\/\/www.tafalu.ch\/?product=kugelschreiber-fuer-perlen\">Kugelschreiber<\/a><\/p>\n","protected":false},"excerpt":{"rendered":"<p>Kunststoff Perlen bearbeitet mit Glanz &nbsp; Gr\u00f6sse: 14mm Durchzug: 2mm Farbe: mix Inhalt: 20 St\u00fcck &nbsp; geeignet f\u00fcr Kugelschreiber<\/p>\n","protected":false},"featured_media":3379,"template":"","meta":[],"_links":{"self":[{"href":"https:\/\/www.tafalu.ch\/index.php?rest_route=\/wp\/v2\/product\/3378"}],"collection":[{"href":"https:\/\/www.tafalu.ch\/index.php?rest_route=\/wp\/v2\/product"}],"about":[{"href":"https:\/\/www.tafalu.ch\/index.php?rest_route=\/wp\/v2\/types\/product"}],"wp:featuredmedia":[{"embeddable":true,"href":"https:\/\/www.tafalu.ch\/index.php?rest_route=\/wp\/v2\/media\/3379"}],"wp:attachment":[{"href":"https:\/\/www.tafalu.ch\/index.php?rest_route=%2Fwp%2Fv2%2Fmedia&parent=3378"}],"curies":[{"name":"wp","href":"https:\/\/api.w.org\/{rel}","templated":true}]}}