{"id":3198,"date":"2016-03-08T13:56:27","date_gmt":"2016-03-08T13:56:27","guid":{"rendered":"http:\/\/www.tafalu.ch\/?post_type=product&#038;p=3198"},"modified":"2023-11-02T20:02:36","modified_gmt":"2023-11-02T20:02:36","slug":"schluesselring-rostfrei","status":"publish","type":"product","link":"https:\/\/www.tafalu.ch\/?product=schluesselring-rostfrei","title":{"rendered":"Schl\u00fcsselring rostfrei"},"content":{"rendered":"<p>Schl\u00fcsselringe<\/p>\n<p>&nbsp;<\/p>\n<p>Material: Edelstahl<\/p>\n<p>Gr\u00f6ssen: 15mm, 20mm, 25 mm, 30mm, 35mm<\/p>\n<p>&nbsp;<\/p>\n<p>Preis pro St\u00fcck<\/p>\n","protected":false},"excerpt":{"rendered":"<p>Schl\u00fcsselringe &nbsp; Material: Edelstahl Gr\u00f6ssen: 15mm, 20mm, 25 mm, 30mm, 35mm &nbsp; Preis pro St\u00fcck<\/p>\n","protected":false},"featured_media":3201,"template":"","meta":[],"_links":{"self":[{"href":"https:\/\/www.tafalu.ch\/index.php?rest_route=\/wp\/v2\/product\/3198"}],"collection":[{"href":"https:\/\/www.tafalu.ch\/index.php?rest_route=\/wp\/v2\/product"}],"about":[{"href":"https:\/\/www.tafalu.ch\/index.php?rest_route=\/wp\/v2\/types\/product"}],"wp:featuredmedia":[{"embeddable":true,"href":"https:\/\/www.tafalu.ch\/index.php?rest_route=\/wp\/v2\/media\/3201"}],"wp:attachment":[{"href":"https:\/\/www.tafalu.ch\/index.php?rest_route=%2Fwp%2Fv2%2Fmedia&parent=3198"}],"curies":[{"name":"wp","href":"https:\/\/api.w.org\/{rel}","templated":true}]}}