{"id":3093,"date":"2016-03-08T08:51:57","date_gmt":"2016-03-08T08:51:57","guid":{"rendered":"http:\/\/www.tafalu.ch\/?post_type=product&#038;p=3093"},"modified":"2024-12-29T15:23:41","modified_gmt":"2024-12-29T15:23:41","slug":"schmucksteine","status":"publish","type":"product","link":"https:\/\/www.tafalu.ch\/?product=schmucksteine","title":{"rendered":"Schmucksteine"},"content":{"rendered":"<p>Schmucksteine zum Ankleben mit dem <a href=\"http:\/\/www.tafalu.ch\/?product=schmuckkleber\">Schmuckkleber<\/a><\/p>\n<p>&nbsp;<\/p>\n<p>Gr\u00f6ssen: 1mm, 1.5mm, 2mm, 2,5mm, 3mm<\/p>\n<p>Farben: weiss, blau, rosa, gr\u00fcn, bunt, aquamarin, violett, schwarz, amethyst, fuchsia, hellrot<\/p>\n<p>Material: Kristallglas<\/p>\n<p>&nbsp;<\/p>\n<p>Preis pro Packung (St\u00fcckzahl ist unterschiedlich)<\/p>\n","protected":false},"excerpt":{"rendered":"<p>Schmucksteine zum Ankleben mit dem Schmuckkleber &nbsp; Gr\u00f6ssen: 1mm, 1.5mm, 2mm, 2,5mm, 3mm Farben: weiss, blau, rosa, gr\u00fcn, bunt, aquamarin, violett, schwarz, amethyst, fuchsia, hellrot Material: Kristallglas &nbsp; Preis pro Packung (St\u00fcckzahl ist unterschiedlich)<\/p>\n","protected":false},"featured_media":3095,"template":"","meta":[],"_links":{"self":[{"href":"https:\/\/www.tafalu.ch\/index.php?rest_route=\/wp\/v2\/product\/3093"}],"collection":[{"href":"https:\/\/www.tafalu.ch\/index.php?rest_route=\/wp\/v2\/product"}],"about":[{"href":"https:\/\/www.tafalu.ch\/index.php?rest_route=\/wp\/v2\/types\/product"}],"wp:featuredmedia":[{"embeddable":true,"href":"https:\/\/www.tafalu.ch\/index.php?rest_route=\/wp\/v2\/media\/3095"}],"wp:attachment":[{"href":"https:\/\/www.tafalu.ch\/index.php?rest_route=%2Fwp%2Fv2%2Fmedia&parent=3093"}],"curies":[{"name":"wp","href":"https:\/\/api.w.org\/{rel}","templated":true}]}}