{"id":2902,"date":"2016-03-07T21:02:06","date_gmt":"2016-03-07T20:02:06","guid":{"rendered":"http:\/\/www.tafalu.ch\/?post_type=product&#038;p=2902"},"modified":"2019-06-16T11:45:59","modified_gmt":"2019-06-16T11:45:59","slug":"schraegband-uni","status":"publish","type":"product","link":"https:\/\/www.tafalu.ch\/?product=schraegband-uni","title":{"rendered":"Schr\u00e4gband uni"},"content":{"rendered":"<p>Das Schr\u00e4gband ist aus Baumwolle und bereits vorgefalzt<\/p>\n<p>Die Schr\u00e4gb\u00e4nder sind ideal zum Einfassen von jeglichen textilen Arbeiten geeignet.<\/p>\n<p>Breite: 20 mm<\/p>\n<p>Material: 100% Baumwolle<\/p>\n<p>Farbe: diverse<\/p>\n<p class=\"mt-20\">Pflege:<\/p>\n<p><img src=\"http:\/\/www.e-stoklasa.de\/psymboly\/40X3P2.gif\" alt=\"\" \/><\/p>\n<p>Preis pro Meter<\/p>\n<p>&nbsp;<\/p>\n<p>&nbsp;<\/p>\n","protected":false},"excerpt":{"rendered":"<p>Das Schr\u00e4gband ist aus Baumwolle und bereits vorgefalzt Die Schr\u00e4gb\u00e4nder sind ideal zum Einfassen von jeglichen textilen Arbeiten geeignet. Breite: 20 mm Material: 100% Baumwolle Farbe: diverse Pflege: Preis pro Meter &nbsp; &nbsp;<\/p>\n","protected":false},"featured_media":2964,"template":"","meta":[],"_links":{"self":[{"href":"https:\/\/www.tafalu.ch\/index.php?rest_route=\/wp\/v2\/product\/2902"}],"collection":[{"href":"https:\/\/www.tafalu.ch\/index.php?rest_route=\/wp\/v2\/product"}],"about":[{"href":"https:\/\/www.tafalu.ch\/index.php?rest_route=\/wp\/v2\/types\/product"}],"wp:featuredmedia":[{"embeddable":true,"href":"https:\/\/www.tafalu.ch\/index.php?rest_route=\/wp\/v2\/media\/2964"}],"wp:attachment":[{"href":"https:\/\/www.tafalu.ch\/index.php?rest_route=%2Fwp%2Fv2%2Fmedia&parent=2902"}],"curies":[{"name":"wp","href":"https:\/\/api.w.org\/{rel}","templated":true}]}}