{"id":2854,"date":"2016-03-07T19:15:29","date_gmt":"2016-03-07T19:15:29","guid":{"rendered":"http:\/\/www.tafalu.ch\/?post_type=product&#038;p=2854"},"modified":"2018-05-01T11:42:39","modified_gmt":"2018-05-01T11:42:39","slug":"schraegband-blumen","status":"publish","type":"product","link":"https:\/\/www.tafalu.ch\/?product=schraegband-blumen","title":{"rendered":"Schr\u00e4gband Blumen"},"content":{"rendered":"<p>Das Schr\u00e4gband ist aus Polyester und bereits vorgefalzt<\/p>\n<p>Die Schr\u00e4gb\u00e4nder sind ideal zum Einfassen von jeglichen textilen Arbeiten geeignet.<\/p>\n<p>&nbsp;<\/p>\n<p>Breite: 14 mm<\/p>\n<p>Material: Polyester<\/p>\n<p>Farbe: blau, gr\u00fcn, rosa, rot (kann abf\u00e4rben), orange, gelb, pink<\/p>\n<p class=\"mt-20\">Pflege:<\/p>\n<p><img src=\"http:\/\/www.e-stoklasa.de\/psymboly\/40X2X1.gif\" alt=\"\" \/><\/p>\n<p>1 St\u00fcck = 10cm<\/p>\n","protected":false},"excerpt":{"rendered":"<p>Das Schr\u00e4gband ist aus Polyester und bereits vorgefalzt Die Schr\u00e4gb\u00e4nder sind ideal zum Einfassen von jeglichen textilen Arbeiten geeignet. &nbsp; Breite: 14 mm Material: Polyester Farbe: blau, gr\u00fcn, rosa, rot (kann abf\u00e4rben), orange, gelb, pink Pflege: 1 St\u00fcck = 10cm<\/p>\n","protected":false},"featured_media":2860,"template":"","meta":[],"_links":{"self":[{"href":"https:\/\/www.tafalu.ch\/index.php?rest_route=\/wp\/v2\/product\/2854"}],"collection":[{"href":"https:\/\/www.tafalu.ch\/index.php?rest_route=\/wp\/v2\/product"}],"about":[{"href":"https:\/\/www.tafalu.ch\/index.php?rest_route=\/wp\/v2\/types\/product"}],"wp:featuredmedia":[{"embeddable":true,"href":"https:\/\/www.tafalu.ch\/index.php?rest_route=\/wp\/v2\/media\/2860"}],"wp:attachment":[{"href":"https:\/\/www.tafalu.ch\/index.php?rest_route=%2Fwp%2Fv2%2Fmedia&parent=2854"}],"curies":[{"name":"wp","href":"https:\/\/api.w.org\/{rel}","templated":true}]}}