{"id":2767,"date":"2016-01-24T19:20:09","date_gmt":"2016-01-24T19:20:09","guid":{"rendered":"http:\/\/www.tafalu.ch\/?post_type=product&#038;p=2767"},"modified":"2019-01-27T15:59:44","modified_gmt":"2019-01-27T15:59:44","slug":"fuellung-fuer-kugelschreiber-2","status":"publish","type":"product","link":"https:\/\/www.tafalu.ch\/?product=fuellung-fuer-kugelschreiber-2","title":{"rendered":"F\u00fcllung f\u00fcr Kugelschreiber"},"content":{"rendered":"<p>F\u00fcllung f\u00fcr folgende <a href=\"http:\/\/www.tafalu.ch\/?product=kugelschreiber-fuer-perlen\">Kugelschreiber<\/a>:<\/p>\n<p>&nbsp;<\/p>\n<p>schwarz, silber, gold<\/p>\n<p>&nbsp;<\/p>\n<p>Preis pro St\u00fcck<\/p>\n","protected":false},"excerpt":{"rendered":"<p>F\u00fcllung f\u00fcr folgende Kugelschreiber: &nbsp; schwarz, silber, gold &nbsp; Preis pro St\u00fcck<\/p>\n","protected":false},"featured_media":2768,"template":"","meta":[],"_links":{"self":[{"href":"https:\/\/www.tafalu.ch\/index.php?rest_route=\/wp\/v2\/product\/2767"}],"collection":[{"href":"https:\/\/www.tafalu.ch\/index.php?rest_route=\/wp\/v2\/product"}],"about":[{"href":"https:\/\/www.tafalu.ch\/index.php?rest_route=\/wp\/v2\/types\/product"}],"wp:featuredmedia":[{"embeddable":true,"href":"https:\/\/www.tafalu.ch\/index.php?rest_route=\/wp\/v2\/media\/2768"}],"wp:attachment":[{"href":"https:\/\/www.tafalu.ch\/index.php?rest_route=%2Fwp%2Fv2%2Fmedia&parent=2767"}],"curies":[{"name":"wp","href":"https:\/\/api.w.org\/{rel}","templated":true}]}}