{"id":2764,"date":"2016-01-24T19:12:37","date_gmt":"2016-01-24T18:12:37","guid":{"rendered":"http:\/\/www.tafalu.ch\/?post_type=product&#038;p=2764"},"modified":"2016-01-24T19:17:21","modified_gmt":"2016-01-24T18:17:21","slug":"fuellung-fuer-kugelschreiber","status":"publish","type":"product","link":"https:\/\/www.tafalu.ch\/?product=fuellung-fuer-kugelschreiber","title":{"rendered":"F\u00fcllung f\u00fcr Kugelschreiber"},"content":{"rendered":"<p>F\u00fcllung f\u00fcr folgende <a href=\"http:\/\/www.tafalu.ch\/?product=kugelschreiber-fuer-perlen\">Kugelschreiber<\/a>:<\/p>\n<p>&nbsp;<\/p>\n<p>alle ausser schwarz, silber, gold<\/p>\n<p>&nbsp;<\/p>\n<p>Preis pro St\u00fcck<\/p>\n","protected":false},"excerpt":{"rendered":"<p>F\u00fcllung f\u00fcr folgende Kugelschreiber: &nbsp; alle ausser schwarz, silber, gold &nbsp; Preis pro St\u00fcck<\/p>\n","protected":false},"featured_media":2765,"template":"","meta":[],"_links":{"self":[{"href":"https:\/\/www.tafalu.ch\/index.php?rest_route=\/wp\/v2\/product\/2764"}],"collection":[{"href":"https:\/\/www.tafalu.ch\/index.php?rest_route=\/wp\/v2\/product"}],"about":[{"href":"https:\/\/www.tafalu.ch\/index.php?rest_route=\/wp\/v2\/types\/product"}],"wp:featuredmedia":[{"embeddable":true,"href":"https:\/\/www.tafalu.ch\/index.php?rest_route=\/wp\/v2\/media\/2765"}],"wp:attachment":[{"href":"https:\/\/www.tafalu.ch\/index.php?rest_route=%2Fwp%2Fv2%2Fmedia&parent=2764"}],"curies":[{"name":"wp","href":"https:\/\/api.w.org\/{rel}","templated":true}]}}