{"id":2753,"date":"2016-01-24T18:50:27","date_gmt":"2016-01-24T17:50:27","guid":{"rendered":"http:\/\/www.tafalu.ch\/?post_type=product&#038;p=2753"},"modified":"2016-07-21T09:52:41","modified_gmt":"2016-07-21T08:52:41","slug":"biegeringe-sterling-silber","status":"publish","type":"product","link":"https:\/\/www.tafalu.ch\/?product=biegeringe-sterling-silber","title":{"rendered":"Biegeringe Sterling Silber"},"content":{"rendered":"<p>Gr\u00f6sse: 4.5mm<\/p>\n<p>Lochgr\u00f6sse: 3mm<\/p>\n<p>Material: 925 Sterling Silber<\/p>\n<p>&nbsp;<\/p>\n<p>Preis pro 10 St\u00fcck<\/p>\n","protected":false},"excerpt":{"rendered":"<p>Gr\u00f6sse: 4.5mm Lochgr\u00f6sse: 3mm Material: 925 Sterling Silber &nbsp; Preis pro 10 St\u00fcck<\/p>\n","protected":false},"featured_media":2754,"template":"","meta":[],"_links":{"self":[{"href":"https:\/\/www.tafalu.ch\/index.php?rest_route=\/wp\/v2\/product\/2753"}],"collection":[{"href":"https:\/\/www.tafalu.ch\/index.php?rest_route=\/wp\/v2\/product"}],"about":[{"href":"https:\/\/www.tafalu.ch\/index.php?rest_route=\/wp\/v2\/types\/product"}],"wp:featuredmedia":[{"embeddable":true,"href":"https:\/\/www.tafalu.ch\/index.php?rest_route=\/wp\/v2\/media\/2754"}],"wp:attachment":[{"href":"https:\/\/www.tafalu.ch\/index.php?rest_route=%2Fwp%2Fv2%2Fmedia&parent=2753"}],"curies":[{"name":"wp","href":"https:\/\/api.w.org\/{rel}","templated":true}]}}