{"id":2750,"date":"2016-01-24T18:46:04","date_gmt":"2016-01-24T17:46:04","guid":{"rendered":"http:\/\/www.tafalu.ch\/?post_type=product&#038;p=2750"},"modified":"2016-01-24T18:53:14","modified_gmt":"2016-01-24T17:53:14","slug":"ohrstecker","status":"publish","type":"product","link":"https:\/\/www.tafalu.ch\/?product=ohrstecker","title":{"rendered":"Ohrstecker Sterling Silber"},"content":{"rendered":"<p>Der Ohrstecker wird inkl Gegenst\u00fcck geliefert.<\/p>\n<p>&nbsp;<\/p>\n<p>Material: 925 Sterling Silber<\/p>\n<p>Gr\u00f6sse: 4mm<\/p>\n<p>&nbsp;<\/p>\n<p>Preis pro St\u00fcck<\/p>\n","protected":false},"excerpt":{"rendered":"<p>Der Ohrstecker wird inkl Gegenst\u00fcck geliefert. &nbsp; Material: 925 Sterling Silber Gr\u00f6sse: 4mm &nbsp; Preis pro St\u00fcck<\/p>\n","protected":false},"featured_media":2751,"template":"","meta":[],"_links":{"self":[{"href":"https:\/\/www.tafalu.ch\/index.php?rest_route=\/wp\/v2\/product\/2750"}],"collection":[{"href":"https:\/\/www.tafalu.ch\/index.php?rest_route=\/wp\/v2\/product"}],"about":[{"href":"https:\/\/www.tafalu.ch\/index.php?rest_route=\/wp\/v2\/types\/product"}],"wp:featuredmedia":[{"embeddable":true,"href":"https:\/\/www.tafalu.ch\/index.php?rest_route=\/wp\/v2\/media\/2751"}],"wp:attachment":[{"href":"https:\/\/www.tafalu.ch\/index.php?rest_route=%2Fwp%2Fv2%2Fmedia&parent=2750"}],"curies":[{"name":"wp","href":"https:\/\/api.w.org\/{rel}","templated":true}]}}