{"id":2710,"date":"2016-01-24T17:40:57","date_gmt":"2016-01-24T16:40:57","guid":{"rendered":"http:\/\/www.tafalu.ch\/?post_type=product&#038;p=2710"},"modified":"2017-10-18T11:56:36","modified_gmt":"2017-10-18T11:56:36","slug":"floristikdraht","status":"publish","type":"product","link":"https:\/\/www.tafalu.ch\/?product=floristikdraht","title":{"rendered":"Floristikdraht"},"content":{"rendered":"<p>Der Draht kann f\u00fcr diverse kreative Arbeiten benutzt werden. Der Metalldraht ist mit Papier umwickelt. Er ist biegsam und sehr fest zugleich.<\/p>\n<p>&nbsp;<\/p>\n<p>Dicke: 2.5mm<\/p>\n<p>L\u00e4nge: 40cm<\/p>\n<p>Farbe: gr\u00fcn<\/p>\n<p>&nbsp;<\/p>\n<p>Preis pro St\u00fcck<\/p>\n","protected":false},"excerpt":{"rendered":"<p>Der Draht kann f\u00fcr diverse kreative Arbeiten benutzt werden. Der Metalldraht ist mit Papier umwickelt. Er ist biegsam und sehr fest zugleich. &nbsp; Dicke: 2.5mm L\u00e4nge: 40cm Farbe: gr\u00fcn &nbsp; Preis pro St\u00fcck<\/p>\n","protected":false},"featured_media":2712,"template":"","meta":[],"_links":{"self":[{"href":"https:\/\/www.tafalu.ch\/index.php?rest_route=\/wp\/v2\/product\/2710"}],"collection":[{"href":"https:\/\/www.tafalu.ch\/index.php?rest_route=\/wp\/v2\/product"}],"about":[{"href":"https:\/\/www.tafalu.ch\/index.php?rest_route=\/wp\/v2\/types\/product"}],"wp:featuredmedia":[{"embeddable":true,"href":"https:\/\/www.tafalu.ch\/index.php?rest_route=\/wp\/v2\/media\/2712"}],"wp:attachment":[{"href":"https:\/\/www.tafalu.ch\/index.php?rest_route=%2Fwp%2Fv2%2Fmedia&parent=2710"}],"curies":[{"name":"wp","href":"https:\/\/api.w.org\/{rel}","templated":true}]}}