{"id":2708,"date":"2016-01-24T17:34:41","date_gmt":"2016-01-24T16:34:41","guid":{"rendered":"http:\/\/www.tafalu.ch\/?post_type=product&#038;p=2708"},"modified":"2017-10-18T11:55:41","modified_gmt":"2017-10-18T11:55:41","slug":"floristikband","status":"publish","type":"product","link":"https:\/\/www.tafalu.ch\/?product=floristikband","title":{"rendered":"Floristikband"},"content":{"rendered":"<p>Es eigent sich zum Umwickeln von diversen St\u00e4ngel oder Draht. Die Oberfl\u00e4che ist leich eingewachst und klebt nicht von selbst.<\/p>\n<p>&nbsp;<\/p>\n<p>Breite: 12mm<\/p>\n<p>Farbe: gr\u00fcn<\/p>\n<p>&nbsp;<\/p>\n<p>Preis pro Meter<\/p>\n","protected":false},"excerpt":{"rendered":"<p>Es eigent sich zum Umwickeln von diversen St\u00e4ngel oder Draht. Die Oberfl\u00e4che ist leich eingewachst und klebt nicht von selbst. &nbsp; Breite: 12mm Farbe: gr\u00fcn &nbsp; Preis pro Meter<\/p>\n","protected":false},"featured_media":2709,"template":"","meta":[],"_links":{"self":[{"href":"https:\/\/www.tafalu.ch\/index.php?rest_route=\/wp\/v2\/product\/2708"}],"collection":[{"href":"https:\/\/www.tafalu.ch\/index.php?rest_route=\/wp\/v2\/product"}],"about":[{"href":"https:\/\/www.tafalu.ch\/index.php?rest_route=\/wp\/v2\/types\/product"}],"wp:featuredmedia":[{"embeddable":true,"href":"https:\/\/www.tafalu.ch\/index.php?rest_route=\/wp\/v2\/media\/2709"}],"wp:attachment":[{"href":"https:\/\/www.tafalu.ch\/index.php?rest_route=%2Fwp%2Fv2%2Fmedia&parent=2708"}],"curies":[{"name":"wp","href":"https:\/\/api.w.org\/{rel}","templated":true}]}}