{"id":2688,"date":"2016-01-24T11:35:54","date_gmt":"2016-01-24T10:35:54","guid":{"rendered":"http:\/\/www.tafalu.ch\/?post_type=product&#038;p=2688"},"modified":"2016-01-24T17:36:44","modified_gmt":"2016-01-24T16:36:44","slug":"gummiband","status":"publish","type":"product","link":"https:\/\/www.tafalu.ch\/?product=gummiband","title":{"rendered":"Gummiband"},"content":{"rendered":"<p>Das Gummiband eigent sich f\u00fcr jegliche Art von Bunverarbeitung. Es ist sehr formbest\u00e4ndig.<\/p>\n<p>&nbsp;<\/p>\n<p>Breiten: 30mm, 35mm, 40mm<\/p>\n<p>Farbe: schwarz<\/p>\n<p>&nbsp;<\/p>\n<p>1 St\u00fcck = 10cm<\/p>\n<p>&nbsp;<\/p>\n","protected":false},"excerpt":{"rendered":"<p>Das Gummiband eigent sich f\u00fcr jegliche Art von Bunverarbeitung. Es ist sehr formbest\u00e4ndig. &nbsp; Breiten: 30mm, 35mm, 40mm Farbe: schwarz &nbsp; 1 St\u00fcck = 10cm &nbsp;<\/p>\n","protected":false},"featured_media":2692,"template":"","meta":[],"_links":{"self":[{"href":"https:\/\/www.tafalu.ch\/index.php?rest_route=\/wp\/v2\/product\/2688"}],"collection":[{"href":"https:\/\/www.tafalu.ch\/index.php?rest_route=\/wp\/v2\/product"}],"about":[{"href":"https:\/\/www.tafalu.ch\/index.php?rest_route=\/wp\/v2\/types\/product"}],"wp:featuredmedia":[{"embeddable":true,"href":"https:\/\/www.tafalu.ch\/index.php?rest_route=\/wp\/v2\/media\/2692"}],"wp:attachment":[{"href":"https:\/\/www.tafalu.ch\/index.php?rest_route=%2Fwp%2Fv2%2Fmedia&parent=2688"}],"curies":[{"name":"wp","href":"https:\/\/api.w.org\/{rel}","templated":true}]}}