{"id":2564,"date":"2016-01-21T12:23:49","date_gmt":"2016-01-21T12:23:49","guid":{"rendered":"http:\/\/www.tafalu.ch\/?post_type=product&#038;p=2564"},"modified":"2025-10-24T11:47:37","modified_gmt":"2025-10-24T11:47:37","slug":"kugelschreiber-fuer-perlen","status":"publish","type":"product","link":"https:\/\/www.tafalu.ch\/?product=kugelschreiber-fuer-perlen","title":{"rendered":"Kugelschreiber f\u00fcr Perlen"},"content":{"rendered":"<p>Die Kugelschreiber k\u00f6nnen am hinteren Ende mit Perlen gef\u00fcllt werden. Geeignet f\u00fcr Perlen mit einem Durchzug von mindestens 2mm.<\/p>\n<p>&nbsp;<\/p>\n<p>L\u00e4nge: ca 15cm<\/p>\n<p>Farben: diverse<\/p>\n<p>&nbsp;<\/p>\n<p>Preis pro St\u00fcck<\/p>\n<p>&nbsp;<\/p>\n<p><a href=\"http:\/\/www.tafalu.ch\/?product=fuellung-fuer-kugelschreiber-2\">F\u00fcllung<\/a> f\u00fcr schwarz, silber und gold finden sie hier<\/p>\n<p>&nbsp;<\/p>\n<p><a href=\"http:\/\/www.tafalu.ch\/?product=fuellung-fuer-kugelschreiber\">F\u00fcllung<\/a> f\u00fcr alle anderen hier<\/p>\n<p>&nbsp;<\/p>\n<p>geeignet Perlen finden Sie hier:<\/p>\n<p><a href=\"http:\/\/www.tafalu.ch\/?product=sechskantmuttern\">Sechskantmuttern<\/a><\/p>\n<p><a href=\"http:\/\/www.tafalu.ch\/?product=perlen-rondelle-kunststoff\">Rondell Kunststoff<\/a><\/p>\n<p><a href=\"http:\/\/www.tafalu.ch\/?product=metall-perle-rund-bronze\">Perle Bronze<\/a><\/p>\n<p><a href=\"http:\/\/www.tafalu.ch\/?product=glasperlen-mix-italien-style\">Glas Perlen Italien Style<\/a><\/p>\n<p><a href=\"http:\/\/www.tafalu.ch\/?product=glasperlen-rund\">Glasperle rund<\/a><\/p>\n<p><a href=\"http:\/\/www.tafalu.ch\/?product=metall-perle-rund-2\">Metallperle rund<\/a><\/p>\n<p><a href=\"http:\/\/www.tafalu.ch\/?product=metallperle-rund-1\">Metallperle rund<\/a><\/p>\n<p><a href=\"http:\/\/www.tafalu.ch\/?product=perle-peace\">Perle Peace<\/a><\/p>\n<p><a href=\"http:\/\/www.tafalu.ch\/?product=suesswasserperlen\">S\u00fcsswasserperlen<\/a><\/p>\n<p><a href=\"http:\/\/www.tafalu.ch\/?product=perlen-mix-kunststoff\">Perlen Kunststoff mix<\/a><\/p>\n<p><a href=\"http:\/\/www.tafalu.ch\/?product=perlen-rund\">Perlen rund<\/a><\/p>\n<p><a href=\"http:\/\/www.tafalu.ch\/?product=kunststoff-perle\">Perlen Kunststoff<\/a><\/p>\n<p>&nbsp;<\/p>\n","protected":false},"excerpt":{"rendered":"<p>Die Kugelschreiber k\u00f6nnen am hinteren Ende mit Perlen gef\u00fcllt werden. Geeignet f\u00fcr Perlen mit einem Durchzug von mindestens 2mm. &nbsp; L\u00e4nge: ca 15cm Farben: diverse &nbsp; Preis pro St\u00fcck &nbsp; F\u00fcllung f\u00fcr schwarz, silber und gold finden sie hier &nbsp; F\u00fcllung f\u00fcr alle anderen hier &nbsp; geeignet Perlen finden Sie hier: Sechskantmuttern Rondell Kunststoff Perle <a class=\"more-link\" href=\"https:\/\/www.tafalu.ch\/?product=kugelschreiber-fuer-perlen\">Weiterlesen <i class=\"fa fa-chevron-right\"><\/i><\/a><\/p>\n","protected":false},"featured_media":2573,"template":"","meta":[],"_links":{"self":[{"href":"https:\/\/www.tafalu.ch\/index.php?rest_route=\/wp\/v2\/product\/2564"}],"collection":[{"href":"https:\/\/www.tafalu.ch\/index.php?rest_route=\/wp\/v2\/product"}],"about":[{"href":"https:\/\/www.tafalu.ch\/index.php?rest_route=\/wp\/v2\/types\/product"}],"wp:featuredmedia":[{"embeddable":true,"href":"https:\/\/www.tafalu.ch\/index.php?rest_route=\/wp\/v2\/media\/2573"}],"wp:attachment":[{"href":"https:\/\/www.tafalu.ch\/index.php?rest_route=%2Fwp%2Fv2%2Fmedia&parent=2564"}],"curies":[{"name":"wp","href":"https:\/\/api.w.org\/{rel}","templated":true}]}}