{"id":2278,"date":"2015-11-10T09:33:40","date_gmt":"2015-11-10T08:33:40","guid":{"rendered":"http:\/\/www.tafalu.ch\/?post_type=product&#038;p=2278"},"modified":"2017-10-18T11:30:13","modified_gmt":"2017-10-18T11:30:13","slug":"lava-perlen","status":"publish","type":"product","link":"https:\/\/www.tafalu.ch\/?product=lava-perlen","title":{"rendered":"Lava Perlen"},"content":{"rendered":"<p>Lava-Perle<\/p>\n<p>Einzug: \u00d81.2mm.<br \/>\nDadurch dass es sich um ein Naturprodukt handelt, kann sowohl die Struktur als auch die Gr\u00f6sse etwas abweichen.<\/p>\n<p>Die Oberfl\u00e4chenstruktur gleicht einem Lavastein.<\/p>\n<p>Gr\u00f6sse: 12mm<br \/>\nFarben: diverse<\/p>\n<p>Preis pro St\u00fcck<\/p>\n","protected":false},"excerpt":{"rendered":"<p>Lava-Perle Einzug: \u00d81.2mm. Dadurch dass es sich um ein Naturprodukt handelt, kann sowohl die Struktur als auch die Gr\u00f6sse etwas abweichen. Die Oberfl\u00e4chenstruktur gleicht einem Lavastein. Gr\u00f6sse: 12mm Farben: diverse Preis pro St\u00fcck<\/p>\n","protected":false},"featured_media":2289,"template":"","meta":[],"_links":{"self":[{"href":"https:\/\/www.tafalu.ch\/index.php?rest_route=\/wp\/v2\/product\/2278"}],"collection":[{"href":"https:\/\/www.tafalu.ch\/index.php?rest_route=\/wp\/v2\/product"}],"about":[{"href":"https:\/\/www.tafalu.ch\/index.php?rest_route=\/wp\/v2\/types\/product"}],"wp:featuredmedia":[{"embeddable":true,"href":"https:\/\/www.tafalu.ch\/index.php?rest_route=\/wp\/v2\/media\/2289"}],"wp:attachment":[{"href":"https:\/\/www.tafalu.ch\/index.php?rest_route=%2Fwp%2Fv2%2Fmedia&parent=2278"}],"curies":[{"name":"wp","href":"https:\/\/api.w.org\/{rel}","templated":true}]}}