{"id":2120,"date":"2015-10-26T22:50:06","date_gmt":"2015-10-26T22:50:06","guid":{"rendered":"http:\/\/www.tafalu.ch\/?post_type=product&#038;p=2120"},"modified":"2018-05-26T11:27:56","modified_gmt":"2018-05-26T11:27:56","slug":"drahtsterne","status":"publish","type":"product","link":"https:\/\/www.tafalu.ch\/?product=drahtsterne","title":{"rendered":"Drahtsterne"},"content":{"rendered":"<p>Gr\u00f6sse: 5cm, 7.5cm, 10cm, 15cm, 20cm<\/p>\n<p>Farben: orange, pink, t\u00fcrkis, gr\u00fcn, silber, gold, rot, braun<\/p>\n<p>&nbsp;<\/p>\n<p>Preis pro St\u00fcck<\/p>\n","protected":false},"excerpt":{"rendered":"<p>Gr\u00f6sse: 5cm, 7.5cm, 10cm, 15cm, 20cm Farben: orange, pink, t\u00fcrkis, gr\u00fcn, silber, gold, rot, braun &nbsp; Preis pro St\u00fcck<\/p>\n","protected":false},"featured_media":2135,"template":"","meta":[],"_links":{"self":[{"href":"https:\/\/www.tafalu.ch\/index.php?rest_route=\/wp\/v2\/product\/2120"}],"collection":[{"href":"https:\/\/www.tafalu.ch\/index.php?rest_route=\/wp\/v2\/product"}],"about":[{"href":"https:\/\/www.tafalu.ch\/index.php?rest_route=\/wp\/v2\/types\/product"}],"wp:featuredmedia":[{"embeddable":true,"href":"https:\/\/www.tafalu.ch\/index.php?rest_route=\/wp\/v2\/media\/2135"}],"wp:attachment":[{"href":"https:\/\/www.tafalu.ch\/index.php?rest_route=%2Fwp%2Fv2%2Fmedia&parent=2120"}],"curies":[{"name":"wp","href":"https:\/\/api.w.org\/{rel}","templated":true}]}}