{"id":2019,"date":"2015-10-23T17:06:57","date_gmt":"2015-10-23T16:06:57","guid":{"rendered":"http:\/\/www.tafalu.ch\/?post_type=product&#038;p=2019"},"modified":"2017-10-18T11:19:18","modified_gmt":"2017-10-18T11:19:18","slug":"shamballa","status":"publish","type":"product","link":"https:\/\/www.tafalu.ch\/?product=shamballa","title":{"rendered":"Shamballa"},"content":{"rendered":"<p>Shamballa-Bead<\/p>\n<p>Die Perle ist geloch und kann gut aufgef\u00e4delt werden.<\/p>\n<p>Gr\u00f6ssen: 10mm \u00f8, 12mm \u00f8<br \/>\nFarben: weiss, anthrazit, maigr\u00fcn, schwarz, pfirsich, rosa, petrol, amethyst, hellblau, royalblau<\/p>\n<p>Preis pro St\u00fcck<\/p>\n","protected":false},"excerpt":{"rendered":"<p>Shamballa-Bead Die Perle ist geloch und kann gut aufgef\u00e4delt werden. Gr\u00f6ssen: 10mm \u00f8, 12mm \u00f8 Farben: weiss, anthrazit, maigr\u00fcn, schwarz, pfirsich, rosa, petrol, amethyst, hellblau, royalblau Preis pro St\u00fcck<\/p>\n","protected":false},"featured_media":2020,"template":"","meta":[],"_links":{"self":[{"href":"https:\/\/www.tafalu.ch\/index.php?rest_route=\/wp\/v2\/product\/2019"}],"collection":[{"href":"https:\/\/www.tafalu.ch\/index.php?rest_route=\/wp\/v2\/product"}],"about":[{"href":"https:\/\/www.tafalu.ch\/index.php?rest_route=\/wp\/v2\/types\/product"}],"wp:featuredmedia":[{"embeddable":true,"href":"https:\/\/www.tafalu.ch\/index.php?rest_route=\/wp\/v2\/media\/2020"}],"wp:attachment":[{"href":"https:\/\/www.tafalu.ch\/index.php?rest_route=%2Fwp%2Fv2%2Fmedia&parent=2019"}],"curies":[{"name":"wp","href":"https:\/\/api.w.org\/{rel}","templated":true}]}}